{"id":554,"date":"2025-04-17T12:40:31","date_gmt":"2025-04-17T09:40:31","guid":{"rendered":"https:\/\/saotwo.wordpress.com\/?page_id=554"},"modified":"2025-04-17T12:40:31","modified_gmt":"2025-04-17T09:40:31","slug":"%d1%82%d0%b5e%d0%bc%d0%b0-2-valikud","status":"publish","type":"page","link":"https:\/\/illiablahun24.thkit.ee\/wp\/%d1%82%d0%b5e%d0%bc%d0%b0-2-valikud\/","title":{"rendered":"\u0422\u0435e\u043c\u0430: 2\u00a0Valikud"},"content":{"rendered":"\n<div id=\"ez-toc-container\" class=\"ez-toc-v2_0_82_2 counter-hierarchy ez-toc-counter ez-toc-grey ez-toc-container-direction\">\n<div class=\"ez-toc-title-container\">\n<p class=\"ez-toc-title\" style=\"cursor:inherit\">Table of Contents<\/p>\n<span class=\"ez-toc-title-toggle\"><a href=\"#\" class=\"ez-toc-pull-right ez-toc-btn ez-toc-btn-xs ez-toc-btn-default ez-toc-toggle\" aria-label=\"Toggle Table of Content\"><span class=\"ez-toc-js-icon-con\"><span class=\"\"><span class=\"eztoc-hide\" style=\"display:none;\">Toggle<\/span><span class=\"ez-toc-icon-toggle-span\"><svg style=\"fill: #999;color:#999\" xmlns=\"http:\/\/www.w3.org\/2000\/svg\" class=\"list-377408\" width=\"20px\" height=\"20px\" viewBox=\"0 0 24 24\" fill=\"none\"><path d=\"M6 6H4v2h2V6zm14 0H8v2h12V6zM4 11h2v2H4v-2zm16 0H8v2h12v-2zM4 16h2v2H4v-2zm16 0H8v2h12v-2z\" fill=\"currentColor\"><\/path><\/svg><svg style=\"fill: #999;color:#999\" class=\"arrow-unsorted-368013\" xmlns=\"http:\/\/www.w3.org\/2000\/svg\" width=\"10px\" height=\"10px\" viewBox=\"0 0 24 24\" version=\"1.2\" baseProfile=\"tiny\"><path d=\"M18.2 9.3l-6.2-6.3-6.2 6.3c-.2.2-.3.4-.3.7s.1.5.3.7c.2.2.4.3.7.3h11c.3 0 .5-.1.7-.3.2-.2.3-.5.3-.7s-.1-.5-.3-.7zM5.8 14.7l6.2 6.3 6.2-6.3c.2-.2.3-.5.3-.7s-.1-.5-.3-.7c-.2-.2-.4-.3-.7-.3h-11c-.3 0-.5.1-.7.3-.2.2-.3.5-.3.7s.1.5.3.7z\"\/><\/svg><\/span><\/span><\/span><\/a><\/span><\/div>\n<nav><ul class='ez-toc-list ez-toc-list-level-1 ' ><li class='ez-toc-page-1 ez-toc-heading-level-2'><a class=\"ez-toc-link ez-toc-heading-1\" href=\"https:\/\/illiablahun24.thkit.ee\/wp\/%d1%82%d0%b5e%d0%bc%d0%b0-2-valikud\/#Valikud_%E2%80%93_operaator_if\" >Valikud \u2013 operaator if<\/a><ul class='ez-toc-list-level-3' ><li class='ez-toc-heading-level-3'><a class=\"ez-toc-link ez-toc-heading-2\" href=\"https:\/\/illiablahun24.thkit.ee\/wp\/%d1%82%d0%b5e%d0%bc%d0%b0-2-valikud\/#Pohilised_konstruktsioonid\" >P\u00f5hilised konstruktsioonid:<\/a><\/li><li class='ez-toc-page-1 ez-toc-heading-level-3'><a class=\"ez-toc-link ez-toc-heading-3\" href=\"https:\/\/illiablahun24.thkit.ee\/wp\/%d1%82%d0%b5e%d0%bc%d0%b0-2-valikud\/#Olulised_markused\" >Olulised m\u00e4rkused:<\/a><\/li><\/ul><\/li><\/ul><\/nav><\/div>\n<h2 class=\"wp-block-heading\"><span class=\"ez-toc-section\" id=\"Valikud_%E2%80%93_operaator_if\"><\/span><strong>Valikud \u2013 operaator <code>if<\/code><\/strong><span class=\"ez-toc-section-end\"><\/span><\/h2>\n\n\n\n<p>Operaator <code>if<\/code> v\u00f5imaldab programmil otsustada, millist koodi t\u00e4ita vastavalt tingimusele.<\/p>\n\n\n\n<h3 class=\"wp-block-heading\"><span class=\"ez-toc-section\" id=\"Pohilised_konstruktsioonid\"><\/span><strong>P\u00f5hilised konstruktsioonid:<\/strong><span class=\"ez-toc-section-end\"><\/span><\/h3>\n\n\n\n<ol class=\"wp-block-list\">\n<li><strong>Lihtne <code>if<\/code><\/strong><\/li>\n<\/ol>\n\n\n<div class=\"wp-block-syntaxhighlighter-code \"><pre class=\"brush: python; title: ; notranslate\" title=\"\">\n   if tingimus:\n       # k\u00e4ivitatakse, kui tingimus on t\u00f5ene\n<\/pre><\/div>\n\n\n<ol start=\"2\" class=\"wp-block-list\">\n<li><strong><code>if<\/code> koos <code>else<\/code>-ga<\/strong><\/li>\n<\/ol>\n\n\n<div class=\"wp-block-syntaxhighlighter-code \"><pre class=\"brush: python; title: ; notranslate\" title=\"\">\n   if tingimus:\n       # kui tingimus t\u00f5ene\n   else:\n       # kui tingimus v\u00e4\u00e4r\n<\/pre><\/div>\n\n\n<ol start=\"3\" class=\"wp-block-list\">\n<li><strong>Mitu tingimust (<code>elif<\/code>)<\/strong><\/li>\n<\/ol>\n\n\n<div class=\"wp-block-syntaxhighlighter-code \"><pre class=\"brush: python; title: ; notranslate\" title=\"\">\n   if tingimus1:\n       # esimene variant\n   elif tingimus2:\n       # teine variant\n   else:\n       # kui \u00fckski tingimus ei kehti\n<\/pre><\/div>\n\n\n<ol start=\"4\" class=\"wp-block-list\">\n<li><strong>Loogilised operaatorid (<code>and<\/code>, <code>or<\/code>, <code>not<\/code>)<\/strong><\/li>\n<\/ol>\n\n\n<div class=\"wp-block-syntaxhighlighter-code \"><pre class=\"brush: python; title: ; notranslate\" title=\"\">\n   if tingimus1 and tingimus2:  # m\u00f5lemad peavad kehtima\n   if tingimus1 or tingimus2:   # v\u00e4hemalt \u00fcks peab kehtima\n   if not tingimus:             # eitus\n<\/pre><\/div>\n\n\n<ol start=\"5\" class=\"wp-block-list\">\n<li><strong>\u00dcherealine <code>if<\/code> (ternary operaator)<\/strong><\/li>\n<\/ol>\n\n\n<div class=\"wp-block-syntaxhighlighter-code \"><pre class=\"brush: python; title: ; notranslate\" title=\"\">\n   tulemus = v\u00e4\u00e4rtus1 if tingimus else v\u00e4\u00e4rtus2\n<\/pre><\/div>\n\n\n<ol start=\"6\" class=\"wp-block-list\">\n<li><strong>Pesastatud <code>if<\/code><\/strong><\/li>\n<\/ol>\n\n\n<div class=\"wp-block-syntaxhighlighter-code \"><pre class=\"brush: python; title: ; notranslate\" title=\"\">\n   if tingimus1:\n       if tingimus2:\n           # m\u00f5lemad tingimused kehtivad\n<\/pre><\/div>\n\n\n<hr class=\"wp-block-separator has-alpha-channel-opacity\" \/>\n\n\n\n<h3 class=\"wp-block-heading\"><span class=\"ez-toc-section\" id=\"Olulised_markused\"><\/span><strong>Olulised m\u00e4rkused:<\/strong><span class=\"ez-toc-section-end\"><\/span><\/h3>\n\n\n\n<ul class=\"wp-block-list\">\n<li>Tingimus peab tagastama <code>True<\/code> v\u00f5i <code>False<\/code>.<\/li>\n\n\n\n<li>Taane (<code>indent<\/code>) m\u00e4\u00e4rab, milline kood kuulub <code>if<\/code>-lause alla.<\/li>\n\n\n\n<li><code>elif<\/code> ja <code>else<\/code> on valikulised.<\/li>\n<\/ul>\n\n\n\n<p>Kasutatakse olukordade hargnemiseks programmi t\u00f6\u00f6s.<\/p>\n","protected":false},"excerpt":{"rendered":"<p>Valikud \u2013 operaator if Operaator if v\u00f5imaldab programmil otsustada, millist koodi t\u00e4ita vastavalt tingimusele. P\u00f5hilised konstruktsioonid: Olulised m\u00e4rkused: Kasutatakse olukordade hargnemiseks programmi t\u00f6\u00f6s.<\/p>\n","protected":false},"author":1,"featured_media":0,"parent":0,"menu_order":0,"comment_status":"closed","ping_status":"closed","template":"","meta":{"footnotes":""},"class_list":["post-554","page","type-page","status-publish","hentry"],"yoast_head":"<!-- This site is optimized with the Yoast SEO plugin v27.4 - https:\/\/yoast.com\/product\/yoast-seo-wordpress\/ -->\n<title>\u0422\u0435e\u043c\u0430: 2\u00a0Valikud - Illia Blahun portfoolio<\/title>\n<meta name=\"robots\" content=\"index, follow, max-snippet:-1, max-image-preview:large, max-video-preview:-1\" \/>\n<link rel=\"canonical\" href=\"https:\/\/illiablahun24.thkit.ee\/wp\/\u0442\u0435e\u043c\u0430-2-valikud\/\" \/>\n<meta property=\"og:locale\" content=\"et_EE\" \/>\n<meta property=\"og:type\" content=\"article\" \/>\n<meta property=\"og:title\" content=\"\u0422\u0435e\u043c\u0430: 2\u00a0Valikud - Illia Blahun portfoolio\" \/>\n<meta property=\"og:description\" content=\"Valikud \u2013 operaator if Operaator if v\u00f5imaldab programmil otsustada, millist koodi t\u00e4ita vastavalt tingimusele. P\u00f5hilised konstruktsioonid: Olulised m\u00e4rkused: Kasutatakse olukordade hargnemiseks programmi t\u00f6\u00f6s.\" \/>\n<meta property=\"og:url\" content=\"https:\/\/illiablahun24.thkit.ee\/wp\/\u0442\u0435e\u043c\u0430-2-valikud\/\" \/>\n<meta property=\"og:site_name\" content=\"Illia Blahun portfoolio\" \/>\n<meta name=\"twitter:card\" content=\"summary_large_image\" \/>\n<meta name=\"twitter:label1\" content=\"Est. reading time\" \/>\n\t<meta name=\"twitter:data1\" content=\"1 minut\" \/>\n<script type=\"application\/ld+json\" class=\"yoast-schema-graph\">{\"@context\":\"https:\\\/\\\/schema.org\",\"@graph\":[{\"@type\":\"WebPage\",\"@id\":\"https:\\\/\\\/illiablahun24.thkit.ee\\\/wp\\\/%d1%82%d0%b5e%d0%bc%d0%b0-2-valikud\\\/\",\"url\":\"https:\\\/\\\/illiablahun24.thkit.ee\\\/wp\\\/%d1%82%d0%b5e%d0%bc%d0%b0-2-valikud\\\/\",\"name\":\"\u0422\u0435e\u043c\u0430: 2\u00a0Valikud - Illia Blahun portfoolio\",\"isPartOf\":{\"@id\":\"https:\\\/\\\/illiablahun24.thkit.ee\\\/wp\\\/#website\"},\"datePublished\":\"2025-04-17T09:40:31+00:00\",\"breadcrumb\":{\"@id\":\"https:\\\/\\\/illiablahun24.thkit.ee\\\/wp\\\/%d1%82%d0%b5e%d0%bc%d0%b0-2-valikud\\\/#breadcrumb\"},\"inLanguage\":\"et\",\"potentialAction\":[{\"@type\":\"ReadAction\",\"target\":[\"https:\\\/\\\/illiablahun24.thkit.ee\\\/wp\\\/%d1%82%d0%b5e%d0%bc%d0%b0-2-valikud\\\/\"]}]},{\"@type\":\"BreadcrumbList\",\"@id\":\"https:\\\/\\\/illiablahun24.thkit.ee\\\/wp\\\/%d1%82%d0%b5e%d0%bc%d0%b0-2-valikud\\\/#breadcrumb\",\"itemListElement\":[{\"@type\":\"ListItem\",\"position\":1,\"name\":\"Home\",\"item\":\"https:\\\/\\\/illiablahun24.thkit.ee\\\/wp\\\/\"},{\"@type\":\"ListItem\",\"position\":2,\"name\":\"\u0422\u0435e\u043c\u0430: 2\u00a0Valikud\"}]},{\"@type\":\"WebSite\",\"@id\":\"https:\\\/\\\/illiablahun24.thkit.ee\\\/wp\\\/#website\",\"url\":\"https:\\\/\\\/illiablahun24.thkit.ee\\\/wp\\\/\",\"name\":\"Illia Blahun portfoolio\",\"description\":\"Noorem tarvaarendaja\",\"potentialAction\":[{\"@type\":\"SearchAction\",\"target\":{\"@type\":\"EntryPoint\",\"urlTemplate\":\"https:\\\/\\\/illiablahun24.thkit.ee\\\/wp\\\/?s={search_term_string}\"},\"query-input\":{\"@type\":\"PropertyValueSpecification\",\"valueRequired\":true,\"valueName\":\"search_term_string\"}}],\"inLanguage\":\"et\"}]}<\/script>\n<!-- \/ Yoast SEO plugin. -->","yoast_head_json":{"title":"\u0422\u0435e\u043c\u0430: 2\u00a0Valikud - Illia Blahun portfoolio","robots":{"index":"index","follow":"follow","max-snippet":"max-snippet:-1","max-image-preview":"max-image-preview:large","max-video-preview":"max-video-preview:-1"},"canonical":"https:\/\/illiablahun24.thkit.ee\/wp\/\u0442\u0435e\u043c\u0430-2-valikud\/","og_locale":"et_EE","og_type":"article","og_title":"\u0422\u0435e\u043c\u0430: 2\u00a0Valikud - Illia Blahun portfoolio","og_description":"Valikud \u2013 operaator if Operaator if v\u00f5imaldab programmil otsustada, millist koodi t\u00e4ita vastavalt tingimusele. P\u00f5hilised konstruktsioonid: Olulised m\u00e4rkused: Kasutatakse olukordade hargnemiseks programmi t\u00f6\u00f6s.","og_url":"https:\/\/illiablahun24.thkit.ee\/wp\/\u0442\u0435e\u043c\u0430-2-valikud\/","og_site_name":"Illia Blahun portfoolio","twitter_card":"summary_large_image","twitter_misc":{"Est. reading time":"1 minut"},"schema":{"@context":"https:\/\/schema.org","@graph":[{"@type":"WebPage","@id":"https:\/\/illiablahun24.thkit.ee\/wp\/%d1%82%d0%b5e%d0%bc%d0%b0-2-valikud\/","url":"https:\/\/illiablahun24.thkit.ee\/wp\/%d1%82%d0%b5e%d0%bc%d0%b0-2-valikud\/","name":"\u0422\u0435e\u043c\u0430: 2\u00a0Valikud - Illia Blahun portfoolio","isPartOf":{"@id":"https:\/\/illiablahun24.thkit.ee\/wp\/#website"},"datePublished":"2025-04-17T09:40:31+00:00","breadcrumb":{"@id":"https:\/\/illiablahun24.thkit.ee\/wp\/%d1%82%d0%b5e%d0%bc%d0%b0-2-valikud\/#breadcrumb"},"inLanguage":"et","potentialAction":[{"@type":"ReadAction","target":["https:\/\/illiablahun24.thkit.ee\/wp\/%d1%82%d0%b5e%d0%bc%d0%b0-2-valikud\/"]}]},{"@type":"BreadcrumbList","@id":"https:\/\/illiablahun24.thkit.ee\/wp\/%d1%82%d0%b5e%d0%bc%d0%b0-2-valikud\/#breadcrumb","itemListElement":[{"@type":"ListItem","position":1,"name":"Home","item":"https:\/\/illiablahun24.thkit.ee\/wp\/"},{"@type":"ListItem","position":2,"name":"\u0422\u0435e\u043c\u0430: 2\u00a0Valikud"}]},{"@type":"WebSite","@id":"https:\/\/illiablahun24.thkit.ee\/wp\/#website","url":"https:\/\/illiablahun24.thkit.ee\/wp\/","name":"Illia Blahun portfoolio","description":"Noorem tarvaarendaja","potentialAction":[{"@type":"SearchAction","target":{"@type":"EntryPoint","urlTemplate":"https:\/\/illiablahun24.thkit.ee\/wp\/?s={search_term_string}"},"query-input":{"@type":"PropertyValueSpecification","valueRequired":true,"valueName":"search_term_string"}}],"inLanguage":"et"}]}},"_links":{"self":[{"href":"https:\/\/illiablahun24.thkit.ee\/wp\/wp-json\/wp\/v2\/pages\/554","targetHints":{"allow":["GET"]}}],"collection":[{"href":"https:\/\/illiablahun24.thkit.ee\/wp\/wp-json\/wp\/v2\/pages"}],"about":[{"href":"https:\/\/illiablahun24.thkit.ee\/wp\/wp-json\/wp\/v2\/types\/page"}],"author":[{"embeddable":true,"href":"https:\/\/illiablahun24.thkit.ee\/wp\/wp-json\/wp\/v2\/users\/1"}],"replies":[{"embeddable":true,"href":"https:\/\/illiablahun24.thkit.ee\/wp\/wp-json\/wp\/v2\/comments?post=554"}],"version-history":[{"count":0,"href":"https:\/\/illiablahun24.thkit.ee\/wp\/wp-json\/wp\/v2\/pages\/554\/revisions"}],"wp:attachment":[{"href":"https:\/\/illiablahun24.thkit.ee\/wp\/wp-json\/wp\/v2\/media?parent=554"}],"curies":[{"name":"wp","href":"https:\/\/api.w.org\/{rel}","templated":true}]}}