{"id":484,"date":"2025-04-10T15:04:23","date_gmt":"2025-04-10T12:04:23","guid":{"rendered":"https:\/\/saotwo.wordpress.com\/?page_id=484"},"modified":"2025-04-10T15:04:23","modified_gmt":"2025-04-10T12:04:23","slug":"ulesanne-1-valgusfoor","status":"publish","type":"page","link":"https:\/\/illiablahun24.thkit.ee\/wp\/ulesanne-1-valgusfoor\/","title":{"rendered":"\u00dclesanne 1 Valgusfoor"},"content":{"rendered":"\n<p><strong>Valgusfoori t\u00f6\u00f6 kirjeldus kahe re\u017eiimiga: tavaline re\u017eiim ja \u00f6\u00f6re\u017eiim.<\/strong><\/p>\n\n\n\n<p><strong>Kasutatud komponendid:<\/strong><\/p>\n\n\n\n<ul class=\"wp-block-list\">\n<li>Arduino UNO plaat \u2013 1 tk<\/li>\n\n\n\n<li>Protot\u00fc\u00fcpimisplaat \u2013 1 tk<\/li>\n\n\n\n<li>Juhtmed \u2013 6 tk<\/li>\n\n\n\n<li>Takistid (1 k\u03a9) \u2013 3 tk<\/li>\n\n\n\n<li>LED-id:<\/li>\n\n\n\n<li>Punased \u2013 2 tk<\/li>\n\n\n\n<li>Rohelised \u2013 2 tk<\/li>\n\n\n\n<li>Kollane \u2013 1 tk<\/li>\n<\/ul>\n\n\n\n<figure class=\"wp-block-image size-large\"><img decoding=\"async\" src=\"https:\/\/saotwo.wordpress.com\/wp-content\/uploads\/2025\/04\/image.png?w=593\" alt=\"\" class=\"wp-image-487\" \/><\/figure>\n\n\n\n<p><\/p>\n\n\n<div class=\"wp-block-syntaxhighlighter-code \"><pre class=\"brush: arduino; title: ; notranslate\" title=\"\">\nconst int RED = 11;\nconst int YELLOW = 10;\nconst int GREEN = 9;\nconst int GREEN1 = 5;\nconst int RED1 = 6;\n \nvoid setup()\n{\n  pinMode(RED, OUTPUT);\n  pinMode(GREEN, OUTPUT);\n  pinMode(YELLOW, OUTPUT);\n  pinMode(RED1, OUTPUT);\n  pinMode(GREEN1, OUTPUT);\n}\n \nvoid loop()\n{\n  \/\/ \u041f\u0435\u0440\u0432\u044b\u0439 \u0446\u0438\u043a\u043b \u0434\u043b\u044f \u043e\u0431\u044b\u0447\u043d\u043e\u0433\u043e \u0440\u0435\u0436\u0438\u043c\u0430\n  for (int i = 0; i &lt; 4; i++)\n  {\n    \/\/ \u041a\u0440\u0430\u0441\u043d\u044b\u0439 \u0434\u043b\u044f \u0441\u0432\u0435\u0442\u043e\u0444\u043e\u0440\u0430, \u0437\u0435\u043b\u0435\u043d\u044b\u0439 \u0434\u043b\u044f \u043f\u0435\u0448\u0435\u0445\u043e\u0434\u043e\u0432\n    digitalWrite(RED, HIGH);\n    digitalWrite(YELLOW, LOW);\n    digitalWrite(GREEN, LOW);\n    digitalWrite(GREEN1, HIGH);\n    digitalWrite(RED1, LOW);\n    delay(5000);\n \n    \/\/ \u0416\u0435\u043b\u0442\u044b\u0439 \u0434\u043b\u044f \u0441\u0432\u0435\u0442\u043e\u0444\u043e\u0440\u0430\n    digitalWrite(RED, LOW);\n    digitalWrite(YELLOW, HIGH);\n    digitalWrite(GREEN, LOW);\n    delay(3000);\n \n    \/\/ \u0417\u0435\u043b\u0435\u043d\u044b\u0439 \u0434\u043b\u044f \u0441\u0432\u0435\u0442\u043e\u0444\u043e\u0440\u0430, \u043a\u0440\u0430\u0441\u043d\u044b\u0439 \u0434\u043b\u044f \u043f\u0435\u0448\u0435\u0445\u043e\u0434\u043e\u0432\n    digitalWrite(RED, LOW);\n    digitalWrite(YELLOW, LOW);\n    digitalWrite(GREEN, HIGH);\n    digitalWrite(RED1, HIGH);\n    digitalWrite(GREEN1, LOW);\n    delay(5000);\n \n    \/\/ \u041f\u0435\u0440\u0435\u0445\u043e\u0434 \u0432 \u043d\u043e\u0447\u043d\u043e\u0439 \u0440\u0435\u0436\u0438\u043c \u043f\u043e\u0441\u043b\u0435 \u043f\u0435\u0440\u0432\u043e\u0433\u043e \u0446\u0438\u043a\u043b\u0430\n    if (i == 1) {\n      break;\n    }\n  }\n \n  \/\/ \u0412\u0442\u043e\u0440\u043e\u0439 \u0446\u0438\u043a\u043b \u0434\u043b\u044f \u043d\u043e\u0447\u043d\u043e\u0433\u043e \u0440\u0435\u0436\u0438\u043c\u0430\n  for (int a = 0; a &lt; 4; a++)\n  {\n    \/\/ \u041c\u0438\u0433\u0430\u044e\u0449\u0438\u0439 \u0436\u0435\u043b\u0442\u044b\u0439, \u0437\u0435\u043b\u0435\u043d\u044b\u0439 \u043d\u0435 \u0433\u043e\u0440\u0438\u0442\n    digitalWrite(RED, LOW);\n    digitalWrite(GREEN, LOW);\n    digitalWrite(GREEN1, LOW);\n    digitalWrite(RED1, LOW);\n \n    \/\/ \u041c\u0438\u0433\u0430\u044e\u0449\u0438\u0439 \u0436\u0435\u043b\u0442\u044b\u0439\n    digitalWrite(YELLOW, HIGH);\n    delay(1000);  \/\/ \u0416\u0435\u043b\u0442\u044b\u0439 \u0433\u043e\u0440\u0438\u0442 1 \u0441\u0435\u043a\u0443\u043d\u0434\u0443\n    digitalWrite(YELLOW, LOW);\n    delay(1000);  \/\/ \u0416\u0435\u043b\u0442\u044b\u0439 \u0432\u044b\u043a\u043b\u044e\u0447\u0430\u0435\u0442\u0441\u044f \u043d\u0430 1 \u0441\u0435\u043a\u0443\u043d\u0434\u0443\n  }\n}\n<\/pre><\/div>\n\n\n<p>Video<\/p>\n\n\n\n<figure class=\"wp-block-embed is-type-rich is-provider-embed wp-block-embed-embed\"><div class=\"wp-block-embed__wrapper\">\nhttps:\/\/drive.google.com\/file\/d\/1vHCpdw5MGY4oW3DpqyvdQQS3v0h7Tuva\/view?usp=sharing\n<\/div><\/figure>\n","protected":false},"excerpt":{"rendered":"<p>Valgusfoori t\u00f6\u00f6 kirjeldus kahe re\u017eiimiga: tavaline re\u017eiim ja \u00f6\u00f6re\u017eiim. Kasutatud komponendid: Video<\/p>\n","protected":false},"author":1,"featured_media":0,"parent":0,"menu_order":0,"comment_status":"closed","ping_status":"closed","template":"","meta":{"footnotes":""},"class_list":["post-484","page","type-page","status-publish","hentry"],"yoast_head":"<!-- This site is optimized with the Yoast SEO plugin v27.4 - https:\/\/yoast.com\/product\/yoast-seo-wordpress\/ -->\n<title>\u00dclesanne 1 Valgusfoor - Illia Blahun portfoolio<\/title>\n<meta name=\"robots\" content=\"index, follow, max-snippet:-1, max-image-preview:large, max-video-preview:-1\" \/>\n<link rel=\"canonical\" href=\"https:\/\/illiablahun24.thkit.ee\/wp\/ulesanne-1-valgusfoor\/\" \/>\n<meta property=\"og:locale\" content=\"et_EE\" \/>\n<meta property=\"og:type\" content=\"article\" \/>\n<meta property=\"og:title\" content=\"\u00dclesanne 1 Valgusfoor - Illia Blahun portfoolio\" \/>\n<meta property=\"og:description\" content=\"Valgusfoori t\u00f6\u00f6 kirjeldus kahe re\u017eiimiga: tavaline re\u017eiim ja \u00f6\u00f6re\u017eiim. Kasutatud komponendid: Video\" \/>\n<meta property=\"og:url\" content=\"https:\/\/illiablahun24.thkit.ee\/wp\/ulesanne-1-valgusfoor\/\" \/>\n<meta property=\"og:site_name\" content=\"Illia Blahun portfoolio\" \/>\n<meta name=\"twitter:card\" content=\"summary_large_image\" \/>\n<meta name=\"twitter:label1\" content=\"Est. reading time\" \/>\n\t<meta name=\"twitter:data1\" content=\"1 minut\" \/>\n<script type=\"application\/ld+json\" class=\"yoast-schema-graph\">{\"@context\":\"https:\\\/\\\/schema.org\",\"@graph\":[{\"@type\":\"WebPage\",\"@id\":\"https:\\\/\\\/illiablahun24.thkit.ee\\\/wp\\\/ulesanne-1-valgusfoor\\\/\",\"url\":\"https:\\\/\\\/illiablahun24.thkit.ee\\\/wp\\\/ulesanne-1-valgusfoor\\\/\",\"name\":\"\u00dclesanne 1 Valgusfoor - Illia Blahun portfoolio\",\"isPartOf\":{\"@id\":\"https:\\\/\\\/illiablahun24.thkit.ee\\\/wp\\\/#website\"},\"primaryImageOfPage\":{\"@id\":\"https:\\\/\\\/illiablahun24.thkit.ee\\\/wp\\\/ulesanne-1-valgusfoor\\\/#primaryimage\"},\"image\":{\"@id\":\"https:\\\/\\\/illiablahun24.thkit.ee\\\/wp\\\/ulesanne-1-valgusfoor\\\/#primaryimage\"},\"thumbnailUrl\":\"https:\\\/\\\/saotwo.wordpress.com\\\/wp-content\\\/uploads\\\/2025\\\/04\\\/image.png?w=593\",\"datePublished\":\"2025-04-10T12:04:23+00:00\",\"breadcrumb\":{\"@id\":\"https:\\\/\\\/illiablahun24.thkit.ee\\\/wp\\\/ulesanne-1-valgusfoor\\\/#breadcrumb\"},\"inLanguage\":\"et\",\"potentialAction\":[{\"@type\":\"ReadAction\",\"target\":[\"https:\\\/\\\/illiablahun24.thkit.ee\\\/wp\\\/ulesanne-1-valgusfoor\\\/\"]}]},{\"@type\":\"ImageObject\",\"inLanguage\":\"et\",\"@id\":\"https:\\\/\\\/illiablahun24.thkit.ee\\\/wp\\\/ulesanne-1-valgusfoor\\\/#primaryimage\",\"url\":\"https:\\\/\\\/saotwo.wordpress.com\\\/wp-content\\\/uploads\\\/2025\\\/04\\\/image.png?w=593\",\"contentUrl\":\"https:\\\/\\\/saotwo.wordpress.com\\\/wp-content\\\/uploads\\\/2025\\\/04\\\/image.png?w=593\"},{\"@type\":\"BreadcrumbList\",\"@id\":\"https:\\\/\\\/illiablahun24.thkit.ee\\\/wp\\\/ulesanne-1-valgusfoor\\\/#breadcrumb\",\"itemListElement\":[{\"@type\":\"ListItem\",\"position\":1,\"name\":\"Home\",\"item\":\"https:\\\/\\\/illiablahun24.thkit.ee\\\/wp\\\/\"},{\"@type\":\"ListItem\",\"position\":2,\"name\":\"\u00dclesanne 1 Valgusfoor\"}]},{\"@type\":\"WebSite\",\"@id\":\"https:\\\/\\\/illiablahun24.thkit.ee\\\/wp\\\/#website\",\"url\":\"https:\\\/\\\/illiablahun24.thkit.ee\\\/wp\\\/\",\"name\":\"Illia Blahun portfoolio\",\"description\":\"Noorem tarvaarendaja\",\"potentialAction\":[{\"@type\":\"SearchAction\",\"target\":{\"@type\":\"EntryPoint\",\"urlTemplate\":\"https:\\\/\\\/illiablahun24.thkit.ee\\\/wp\\\/?s={search_term_string}\"},\"query-input\":{\"@type\":\"PropertyValueSpecification\",\"valueRequired\":true,\"valueName\":\"search_term_string\"}}],\"inLanguage\":\"et\"}]}<\/script>\n<!-- \/ Yoast SEO plugin. -->","yoast_head_json":{"title":"\u00dclesanne 1 Valgusfoor - Illia Blahun portfoolio","robots":{"index":"index","follow":"follow","max-snippet":"max-snippet:-1","max-image-preview":"max-image-preview:large","max-video-preview":"max-video-preview:-1"},"canonical":"https:\/\/illiablahun24.thkit.ee\/wp\/ulesanne-1-valgusfoor\/","og_locale":"et_EE","og_type":"article","og_title":"\u00dclesanne 1 Valgusfoor - Illia Blahun portfoolio","og_description":"Valgusfoori t\u00f6\u00f6 kirjeldus kahe re\u017eiimiga: tavaline re\u017eiim ja \u00f6\u00f6re\u017eiim. Kasutatud komponendid: Video","og_url":"https:\/\/illiablahun24.thkit.ee\/wp\/ulesanne-1-valgusfoor\/","og_site_name":"Illia Blahun portfoolio","twitter_card":"summary_large_image","twitter_misc":{"Est. reading time":"1 minut"},"schema":{"@context":"https:\/\/schema.org","@graph":[{"@type":"WebPage","@id":"https:\/\/illiablahun24.thkit.ee\/wp\/ulesanne-1-valgusfoor\/","url":"https:\/\/illiablahun24.thkit.ee\/wp\/ulesanne-1-valgusfoor\/","name":"\u00dclesanne 1 Valgusfoor - Illia Blahun portfoolio","isPartOf":{"@id":"https:\/\/illiablahun24.thkit.ee\/wp\/#website"},"primaryImageOfPage":{"@id":"https:\/\/illiablahun24.thkit.ee\/wp\/ulesanne-1-valgusfoor\/#primaryimage"},"image":{"@id":"https:\/\/illiablahun24.thkit.ee\/wp\/ulesanne-1-valgusfoor\/#primaryimage"},"thumbnailUrl":"https:\/\/saotwo.wordpress.com\/wp-content\/uploads\/2025\/04\/image.png?w=593","datePublished":"2025-04-10T12:04:23+00:00","breadcrumb":{"@id":"https:\/\/illiablahun24.thkit.ee\/wp\/ulesanne-1-valgusfoor\/#breadcrumb"},"inLanguage":"et","potentialAction":[{"@type":"ReadAction","target":["https:\/\/illiablahun24.thkit.ee\/wp\/ulesanne-1-valgusfoor\/"]}]},{"@type":"ImageObject","inLanguage":"et","@id":"https:\/\/illiablahun24.thkit.ee\/wp\/ulesanne-1-valgusfoor\/#primaryimage","url":"https:\/\/saotwo.wordpress.com\/wp-content\/uploads\/2025\/04\/image.png?w=593","contentUrl":"https:\/\/saotwo.wordpress.com\/wp-content\/uploads\/2025\/04\/image.png?w=593"},{"@type":"BreadcrumbList","@id":"https:\/\/illiablahun24.thkit.ee\/wp\/ulesanne-1-valgusfoor\/#breadcrumb","itemListElement":[{"@type":"ListItem","position":1,"name":"Home","item":"https:\/\/illiablahun24.thkit.ee\/wp\/"},{"@type":"ListItem","position":2,"name":"\u00dclesanne 1 Valgusfoor"}]},{"@type":"WebSite","@id":"https:\/\/illiablahun24.thkit.ee\/wp\/#website","url":"https:\/\/illiablahun24.thkit.ee\/wp\/","name":"Illia Blahun portfoolio","description":"Noorem tarvaarendaja","potentialAction":[{"@type":"SearchAction","target":{"@type":"EntryPoint","urlTemplate":"https:\/\/illiablahun24.thkit.ee\/wp\/?s={search_term_string}"},"query-input":{"@type":"PropertyValueSpecification","valueRequired":true,"valueName":"search_term_string"}}],"inLanguage":"et"}]}},"_links":{"self":[{"href":"https:\/\/illiablahun24.thkit.ee\/wp\/wp-json\/wp\/v2\/pages\/484","targetHints":{"allow":["GET"]}}],"collection":[{"href":"https:\/\/illiablahun24.thkit.ee\/wp\/wp-json\/wp\/v2\/pages"}],"about":[{"href":"https:\/\/illiablahun24.thkit.ee\/wp\/wp-json\/wp\/v2\/types\/page"}],"author":[{"embeddable":true,"href":"https:\/\/illiablahun24.thkit.ee\/wp\/wp-json\/wp\/v2\/users\/1"}],"replies":[{"embeddable":true,"href":"https:\/\/illiablahun24.thkit.ee\/wp\/wp-json\/wp\/v2\/comments?post=484"}],"version-history":[{"count":0,"href":"https:\/\/illiablahun24.thkit.ee\/wp\/wp-json\/wp\/v2\/pages\/484\/revisions"}],"wp:attachment":[{"href":"https:\/\/illiablahun24.thkit.ee\/wp\/wp-json\/wp\/v2\/media?parent=484"}],"curies":[{"name":"wp","href":"https:\/\/api.w.org\/{rel}","templated":true}]}}