{"id":1254,"date":"2026-03-11T12:44:07","date_gmt":"2026-03-11T10:44:07","guid":{"rendered":"https:\/\/illiablahun24.thkit.ee\/wp\/?page_id=1254"},"modified":"2026-03-12T11:28:06","modified_gmt":"2026-03-12T09:28:06","slug":"tegevusskeem","status":"publish","type":"page","link":"https:\/\/illiablahun24.thkit.ee\/wp\/tegevusskeem\/","title":{"rendered":"Tegevusskeem"},"content":{"rendered":"\n<p>kirjeldab jooksuv\u00f5istluse registreerimise ja l\u00e4bimise protsessi. Diagramm n\u00e4itab, kuidas erinevad osapooled \u2013 <strong>osaleja<\/strong>, <strong>korraldaja<\/strong> ja <strong>s\u00fcsteem \/ andmebaas Jooksuv\u00f5istlus<\/strong> \u2013 omavahel suhtlevad ning millises j\u00e4rjekorras tegevused toimuvad.<\/p>\n\n\n\n<p>Protsess algab osaleja andmete sisestamisega. S\u00fcsteem salvestab andmed andmebaasi ning kontrollib, kas need on korrektsed. Kui andmed ei ole \u00f5iged, kuvatakse veateade ja kasutaja peab need uuesti sisestama. Kui andmed on \u00f5iged, kinnitab korraldaja osaleja registreerimise.<\/p>\n\n\n\n<p>P\u00e4rast registreerimist saab osaleja alustada jooksu. S\u00fcsteem salvestab alustamisaja, l\u00f5petamisaja ning vaheajad. L\u00f5puks kontrollib s\u00fcsteem, kas jooks on edukalt l\u00f5petatud. Selle p\u00f5hjal arvutatakse l\u00f5pptulemus v\u00f5i m\u00e4rgitakse osaleja staatuseks katkestatud.<\/p>\n\n\n\n<p>Diagramm aitab visuaalselt m\u00f5ista kogu protsessi loogikat ja andmete liikumist s\u00fcsteemis.<\/p>\n\n\n\n<figure class=\"wp-block-image size-large\"><a href=\"https:\/\/illiablahun24.thkit.ee\/wp\/wp-content\/uploads\/2026\/03\/Drawing1.jpg\"><img loading=\"lazy\" decoding=\"async\" width=\"1024\" height=\"813\" src=\"https:\/\/illiablahun24.thkit.ee\/wp\/wp-content\/uploads\/2026\/03\/Drawing1-1024x813.jpg\" alt=\"\" class=\"wp-image-1301\" srcset=\"https:\/\/illiablahun24.thkit.ee\/wp\/wp-content\/uploads\/2026\/03\/Drawing1-1024x813.jpg 1024w, https:\/\/illiablahun24.thkit.ee\/wp\/wp-content\/uploads\/2026\/03\/Drawing1-300x238.jpg 300w, https:\/\/illiablahun24.thkit.ee\/wp\/wp-content\/uploads\/2026\/03\/Drawing1-768x609.jpg 768w, https:\/\/illiablahun24.thkit.ee\/wp\/wp-content\/uploads\/2026\/03\/Drawing1-150x119.jpg 150w, https:\/\/illiablahun24.thkit.ee\/wp\/wp-content\/uploads\/2026\/03\/Drawing1.jpg 1187w\" sizes=\"auto, (max-width: 1024px) 100vw, 1024px\" \/><\/a><\/figure>\n","protected":false},"excerpt":{"rendered":"<p>kirjeldab jooksuv\u00f5istluse registreerimise ja l\u00e4bimise protsessi. Diagramm n\u00e4itab, kuidas erinevad osapooled \u2013 osaleja, korraldaja ja s\u00fcsteem \/ andmebaas Jooksuv\u00f5istlus \u2013 omavahel suhtlevad ning millises j\u00e4rjekorras tegevused toimuvad. Protsess algab osaleja andmete sisestamisega. S\u00fcsteem salvestab andmed andmebaasi ning kontrollib, kas need on korrektsed. Kui andmed ei ole \u00f5iged, kuvatakse veateade ja kasutaja peab need uuesti sisestama. [&hellip;]<\/p>\n","protected":false},"author":1,"featured_media":0,"parent":0,"menu_order":0,"comment_status":"closed","ping_status":"closed","template":"","meta":{"footnotes":""},"class_list":["post-1254","page","type-page","status-publish","hentry"],"yoast_head":"<!-- This site is optimized with the Yoast SEO plugin v27.4 - https:\/\/yoast.com\/product\/yoast-seo-wordpress\/ -->\n<title>Tegevusskeem - Illia Blahun portfoolio<\/title>\n<meta name=\"robots\" content=\"index, follow, max-snippet:-1, max-image-preview:large, max-video-preview:-1\" \/>\n<link rel=\"canonical\" href=\"https:\/\/illiablahun24.thkit.ee\/wp\/tegevusskeem\/\" \/>\n<meta property=\"og:locale\" content=\"et_EE\" \/>\n<meta property=\"og:type\" content=\"article\" \/>\n<meta property=\"og:title\" content=\"Tegevusskeem - Illia Blahun portfoolio\" \/>\n<meta property=\"og:description\" content=\"kirjeldab jooksuv\u00f5istluse registreerimise ja l\u00e4bimise protsessi. Diagramm n\u00e4itab, kuidas erinevad osapooled \u2013 osaleja, korraldaja ja s\u00fcsteem \/ andmebaas Jooksuv\u00f5istlus \u2013 omavahel suhtlevad ning millises j\u00e4rjekorras tegevused toimuvad. Protsess algab osaleja andmete sisestamisega. S\u00fcsteem salvestab andmed andmebaasi ning kontrollib, kas need on korrektsed. Kui andmed ei ole \u00f5iged, kuvatakse veateade ja kasutaja peab need uuesti sisestama. [&hellip;]\" \/>\n<meta property=\"og:url\" content=\"https:\/\/illiablahun24.thkit.ee\/wp\/tegevusskeem\/\" \/>\n<meta property=\"og:site_name\" content=\"Illia Blahun portfoolio\" \/>\n<meta property=\"article:modified_time\" content=\"2026-03-12T09:28:06+00:00\" \/>\n<meta property=\"og:image\" content=\"https:\/\/illiablahun24.thkit.ee\/wp\/wp-content\/uploads\/2026\/03\/Drawing1.jpg\" \/>\n\t<meta property=\"og:image:width\" content=\"1187\" \/>\n\t<meta property=\"og:image:height\" content=\"942\" \/>\n\t<meta property=\"og:image:type\" content=\"image\/jpeg\" \/>\n<meta name=\"twitter:card\" content=\"summary_large_image\" \/>\n<meta name=\"twitter:label1\" content=\"Est. reading time\" \/>\n\t<meta name=\"twitter:data1\" content=\"1 minut\" \/>\n<script type=\"application\/ld+json\" class=\"yoast-schema-graph\">{\"@context\":\"https:\\\/\\\/schema.org\",\"@graph\":[{\"@type\":\"WebPage\",\"@id\":\"https:\\\/\\\/illiablahun24.thkit.ee\\\/wp\\\/tegevusskeem\\\/\",\"url\":\"https:\\\/\\\/illiablahun24.thkit.ee\\\/wp\\\/tegevusskeem\\\/\",\"name\":\"Tegevusskeem - Illia Blahun portfoolio\",\"isPartOf\":{\"@id\":\"https:\\\/\\\/illiablahun24.thkit.ee\\\/wp\\\/#website\"},\"primaryImageOfPage\":{\"@id\":\"https:\\\/\\\/illiablahun24.thkit.ee\\\/wp\\\/tegevusskeem\\\/#primaryimage\"},\"image\":{\"@id\":\"https:\\\/\\\/illiablahun24.thkit.ee\\\/wp\\\/tegevusskeem\\\/#primaryimage\"},\"thumbnailUrl\":\"https:\\\/\\\/illiablahun24.thkit.ee\\\/wp\\\/wp-content\\\/uploads\\\/2026\\\/03\\\/Drawing1-1024x813.jpg\",\"datePublished\":\"2026-03-11T10:44:07+00:00\",\"dateModified\":\"2026-03-12T09:28:06+00:00\",\"breadcrumb\":{\"@id\":\"https:\\\/\\\/illiablahun24.thkit.ee\\\/wp\\\/tegevusskeem\\\/#breadcrumb\"},\"inLanguage\":\"et\",\"potentialAction\":[{\"@type\":\"ReadAction\",\"target\":[\"https:\\\/\\\/illiablahun24.thkit.ee\\\/wp\\\/tegevusskeem\\\/\"]}]},{\"@type\":\"ImageObject\",\"inLanguage\":\"et\",\"@id\":\"https:\\\/\\\/illiablahun24.thkit.ee\\\/wp\\\/tegevusskeem\\\/#primaryimage\",\"url\":\"https:\\\/\\\/illiablahun24.thkit.ee\\\/wp\\\/wp-content\\\/uploads\\\/2026\\\/03\\\/Drawing1.jpg\",\"contentUrl\":\"https:\\\/\\\/illiablahun24.thkit.ee\\\/wp\\\/wp-content\\\/uploads\\\/2026\\\/03\\\/Drawing1.jpg\",\"width\":1187,\"height\":942},{\"@type\":\"BreadcrumbList\",\"@id\":\"https:\\\/\\\/illiablahun24.thkit.ee\\\/wp\\\/tegevusskeem\\\/#breadcrumb\",\"itemListElement\":[{\"@type\":\"ListItem\",\"position\":1,\"name\":\"Home\",\"item\":\"https:\\\/\\\/illiablahun24.thkit.ee\\\/wp\\\/\"},{\"@type\":\"ListItem\",\"position\":2,\"name\":\"Tegevusskeem\"}]},{\"@type\":\"WebSite\",\"@id\":\"https:\\\/\\\/illiablahun24.thkit.ee\\\/wp\\\/#website\",\"url\":\"https:\\\/\\\/illiablahun24.thkit.ee\\\/wp\\\/\",\"name\":\"Illia Blahun portfoolio\",\"description\":\"Noorem tarvaarendaja\",\"potentialAction\":[{\"@type\":\"SearchAction\",\"target\":{\"@type\":\"EntryPoint\",\"urlTemplate\":\"https:\\\/\\\/illiablahun24.thkit.ee\\\/wp\\\/?s={search_term_string}\"},\"query-input\":{\"@type\":\"PropertyValueSpecification\",\"valueRequired\":true,\"valueName\":\"search_term_string\"}}],\"inLanguage\":\"et\"}]}<\/script>\n<!-- \/ Yoast SEO plugin. -->","yoast_head_json":{"title":"Tegevusskeem - Illia Blahun portfoolio","robots":{"index":"index","follow":"follow","max-snippet":"max-snippet:-1","max-image-preview":"max-image-preview:large","max-video-preview":"max-video-preview:-1"},"canonical":"https:\/\/illiablahun24.thkit.ee\/wp\/tegevusskeem\/","og_locale":"et_EE","og_type":"article","og_title":"Tegevusskeem - Illia Blahun portfoolio","og_description":"kirjeldab jooksuv\u00f5istluse registreerimise ja l\u00e4bimise protsessi. Diagramm n\u00e4itab, kuidas erinevad osapooled \u2013 osaleja, korraldaja ja s\u00fcsteem \/ andmebaas Jooksuv\u00f5istlus \u2013 omavahel suhtlevad ning millises j\u00e4rjekorras tegevused toimuvad. Protsess algab osaleja andmete sisestamisega. S\u00fcsteem salvestab andmed andmebaasi ning kontrollib, kas need on korrektsed. Kui andmed ei ole \u00f5iged, kuvatakse veateade ja kasutaja peab need uuesti sisestama. [&hellip;]","og_url":"https:\/\/illiablahun24.thkit.ee\/wp\/tegevusskeem\/","og_site_name":"Illia Blahun portfoolio","article_modified_time":"2026-03-12T09:28:06+00:00","og_image":[{"width":1187,"height":942,"url":"https:\/\/illiablahun24.thkit.ee\/wp\/wp-content\/uploads\/2026\/03\/Drawing1.jpg","type":"image\/jpeg"}],"twitter_card":"summary_large_image","twitter_misc":{"Est. reading time":"1 minut"},"schema":{"@context":"https:\/\/schema.org","@graph":[{"@type":"WebPage","@id":"https:\/\/illiablahun24.thkit.ee\/wp\/tegevusskeem\/","url":"https:\/\/illiablahun24.thkit.ee\/wp\/tegevusskeem\/","name":"Tegevusskeem - Illia Blahun portfoolio","isPartOf":{"@id":"https:\/\/illiablahun24.thkit.ee\/wp\/#website"},"primaryImageOfPage":{"@id":"https:\/\/illiablahun24.thkit.ee\/wp\/tegevusskeem\/#primaryimage"},"image":{"@id":"https:\/\/illiablahun24.thkit.ee\/wp\/tegevusskeem\/#primaryimage"},"thumbnailUrl":"https:\/\/illiablahun24.thkit.ee\/wp\/wp-content\/uploads\/2026\/03\/Drawing1-1024x813.jpg","datePublished":"2026-03-11T10:44:07+00:00","dateModified":"2026-03-12T09:28:06+00:00","breadcrumb":{"@id":"https:\/\/illiablahun24.thkit.ee\/wp\/tegevusskeem\/#breadcrumb"},"inLanguage":"et","potentialAction":[{"@type":"ReadAction","target":["https:\/\/illiablahun24.thkit.ee\/wp\/tegevusskeem\/"]}]},{"@type":"ImageObject","inLanguage":"et","@id":"https:\/\/illiablahun24.thkit.ee\/wp\/tegevusskeem\/#primaryimage","url":"https:\/\/illiablahun24.thkit.ee\/wp\/wp-content\/uploads\/2026\/03\/Drawing1.jpg","contentUrl":"https:\/\/illiablahun24.thkit.ee\/wp\/wp-content\/uploads\/2026\/03\/Drawing1.jpg","width":1187,"height":942},{"@type":"BreadcrumbList","@id":"https:\/\/illiablahun24.thkit.ee\/wp\/tegevusskeem\/#breadcrumb","itemListElement":[{"@type":"ListItem","position":1,"name":"Home","item":"https:\/\/illiablahun24.thkit.ee\/wp\/"},{"@type":"ListItem","position":2,"name":"Tegevusskeem"}]},{"@type":"WebSite","@id":"https:\/\/illiablahun24.thkit.ee\/wp\/#website","url":"https:\/\/illiablahun24.thkit.ee\/wp\/","name":"Illia Blahun portfoolio","description":"Noorem tarvaarendaja","potentialAction":[{"@type":"SearchAction","target":{"@type":"EntryPoint","urlTemplate":"https:\/\/illiablahun24.thkit.ee\/wp\/?s={search_term_string}"},"query-input":{"@type":"PropertyValueSpecification","valueRequired":true,"valueName":"search_term_string"}}],"inLanguage":"et"}]}},"_links":{"self":[{"href":"https:\/\/illiablahun24.thkit.ee\/wp\/wp-json\/wp\/v2\/pages\/1254","targetHints":{"allow":["GET"]}}],"collection":[{"href":"https:\/\/illiablahun24.thkit.ee\/wp\/wp-json\/wp\/v2\/pages"}],"about":[{"href":"https:\/\/illiablahun24.thkit.ee\/wp\/wp-json\/wp\/v2\/types\/page"}],"author":[{"embeddable":true,"href":"https:\/\/illiablahun24.thkit.ee\/wp\/wp-json\/wp\/v2\/users\/1"}],"replies":[{"embeddable":true,"href":"https:\/\/illiablahun24.thkit.ee\/wp\/wp-json\/wp\/v2\/comments?post=1254"}],"version-history":[{"count":3,"href":"https:\/\/illiablahun24.thkit.ee\/wp\/wp-json\/wp\/v2\/pages\/1254\/revisions"}],"predecessor-version":[{"id":1302,"href":"https:\/\/illiablahun24.thkit.ee\/wp\/wp-json\/wp\/v2\/pages\/1254\/revisions\/1302"}],"wp:attachment":[{"href":"https:\/\/illiablahun24.thkit.ee\/wp\/wp-json\/wp\/v2\/media?parent=1254"}],"curies":[{"name":"wp","href":"https:\/\/api.w.org\/{rel}","templated":true}]}}