{"id":1183,"date":"2026-02-26T11:21:42","date_gmt":"2026-02-26T09:21:42","guid":{"rendered":"https:\/\/illiablahun24.thkit.ee\/wp\/?page_id=1183"},"modified":"2026-02-26T13:29:20","modified_gmt":"2026-02-26T11:29:20","slug":"web-design","status":"publish","type":"page","link":"https:\/\/illiablahun24.thkit.ee\/wp\/web-design\/","title":{"rendered":"Web Design"},"content":{"rendered":"\n<p><strong>Responsive disain <\/strong>on see, kui veebileht kohandub ekraani laiuse ja k\u00f5rgusega, ehk see s\u00f5ltub nendest. T\u00e4nu sellele on seda oluliselt lihtsam hooldada kui adaptive-disaini.<\/p>\n\n\n\n<p><strong>Adaptive disain <\/strong>t\u00e4hendab, et veebilehel on eraldi versioonid erinevate seadmete jaoks \u2013 t\u00e4psemalt \u00f6eldes luuakse eraldi maketid telefoni, tahvelarvuti ja arvuti jaoks. Seda on keerulisem hooldada.<\/p>\n\n\n\n<p>Allpool n\u00e4itan tabelit nende erinevuste ning nende plusside ja miinustega.<\/p>\n\n\n\n<figure class=\"wp-block-table\"><table class=\"has-fixed-layout\"><thead><tr><th><strong>Responsive disain<\/strong><\/th><th><strong>Adaptive disain<\/strong><\/th><\/tr><\/thead><tbody><tr><td>\u00dcks paindlik makett<\/td><td>Mitu eraldi maketti<\/td><\/tr><tr><td>Kohandub sujuvalt ekraani laiuse ja k\u00f5rgusega<\/td><td>Laeb kindla maketi vastavalt seadmele<\/td><\/tr><tr><td>Kasutab CSS media queries ja paindlikke grid-s\u00fcsteeme<\/td><td>P\u00f5hineb kindlatel ekraanisuurustel (nt telefon, tahvel, arvuti)<\/td><\/tr><tr><td>Lihtsam hooldada<\/td><td>Keerulisem hooldada<\/td><\/tr><tr><td>Sobib h\u00e4sti uutele ja erineva suurusega seadmetele<\/td><td>V\u00f5imaldab t\u00e4psemat kontrolli iga seadme \u00fcle<\/td><\/tr><tr><td>V\u00f5ib laadida m\u00f5nikord rohkem ressursse kui vaja<\/td><td>Saab optimeerida iga seadme jaoks eraldi<\/td><\/tr><\/tbody><\/table><\/figure>\n\n\n\n<p>Responsive disain<\/p>\n\n\n<div class=\"wp-block-syntaxhighlighter-code \"><pre class=\"brush: css; title: ; notranslate\" title=\"\">\n.container {\n  display: flex;\n}\n\n@media (max-width: 600px) {\n  .container {\n    flex-direction: column;\n  }\n}\n<\/pre><\/div>\n\n\n<p>Adaptive disain<\/p>\n\n\n<div class=\"wp-block-syntaxhighlighter-code \"><pre class=\"brush: css; title: ; notranslate\" title=\"\">\n\/* Desktop *\/\n@media (min-width: 1024px) {\n  body { background: lightblue; }\n}\n\n\/* Telefon *\/\n@media (max-width: 600px) {\n  body { background: lightgreen; }\n}\n<\/pre><\/div>\n\n\n<p>\u00dclal oli n\u00e4idatud nende kahe disaini koodi erinevus.<\/p>\n\n\n\n<p>Minu arvates on nii Responsive disain kui ka Adaptive disain omal moel head. Siin tuleb arvestada, mida sul t\u00e4pselt vaja on.<\/p>\n\n\n\n<p>Kui oluline on veebilehe kiirus, siis v\u00f5ib Adaptive disain olla parem valik, sest seda saab t\u00e4psemalt kohandada iga seadme jaoks eraldi. Kui see ei ole nii oluline, siis on lihtsam kasutada Responsive disaini.<\/p>\n\n\n\n<p>Minu puhul on parem teine variant.<\/p>\n\n\n<div class=\"wp-block-syntaxhighlighter-code \"><pre class=\"brush: css; title: ; notranslate\" title=\"\">\n@media (max-width: 900px) {\n    nav ul { flex-direction: column; }\n    nav ul li { width: 100%; }\n    .nav-link { border-right: none; border-bottom: 1px solid white; text-align: center; }\n}\n<\/pre><\/div>\n\n\n<p><strong>Navigeerimine muutub v\u00e4ikestel ekraanidel vertikaalseks<\/strong><\/p>\n\n\n\n<p>Selgitus:<\/p>\n\n\n\n<ul class=\"wp-block-list\">\n<li>Men\u00fc\u00fcrida muutub horisontaalsest vertikaalseks<\/li>\n\n\n\n<li>Lingid venivad kogu ekraani laiusele<\/li>\n\n\n\n<li>Seda lahendust kasutasime meie <strong>index.html<\/strong> lehel<\/li>\n<\/ul>\n\n\n\n<figure class=\"wp-block-image size-full\"><img loading=\"lazy\" decoding=\"async\" width=\"736\" height=\"803\" src=\"https:\/\/illiablahun24.thkit.ee\/wp\/wp-content\/uploads\/2026\/02\/9A529AE1-42A8-4E69-8A6B-7A1E24EE4471-1.png\" alt=\"\" class=\"wp-image-1199\" srcset=\"https:\/\/illiablahun24.thkit.ee\/wp\/wp-content\/uploads\/2026\/02\/9A529AE1-42A8-4E69-8A6B-7A1E24EE4471-1.png 736w, https:\/\/illiablahun24.thkit.ee\/wp\/wp-content\/uploads\/2026\/02\/9A529AE1-42A8-4E69-8A6B-7A1E24EE4471-1-275x300.png 275w, https:\/\/illiablahun24.thkit.ee\/wp\/wp-content\/uploads\/2026\/02\/9A529AE1-42A8-4E69-8A6B-7A1E24EE4471-1-137x150.png 137w\" sizes=\"auto, (max-width: 736px) 100vw, 736px\" \/><\/figure>\n\n\n\n<figure class=\"wp-block-image size-full\"><img loading=\"lazy\" decoding=\"async\" width=\"861\" height=\"964\" src=\"https:\/\/illiablahun24.thkit.ee\/wp\/wp-content\/uploads\/2026\/02\/2A73427C-E86C-499F-AA1A-28808127DDC2.png\" alt=\"\" class=\"wp-image-1191\" srcset=\"https:\/\/illiablahun24.thkit.ee\/wp\/wp-content\/uploads\/2026\/02\/2A73427C-E86C-499F-AA1A-28808127DDC2.png 861w, https:\/\/illiablahun24.thkit.ee\/wp\/wp-content\/uploads\/2026\/02\/2A73427C-E86C-499F-AA1A-28808127DDC2-268x300.png 268w, https:\/\/illiablahun24.thkit.ee\/wp\/wp-content\/uploads\/2026\/02\/2A73427C-E86C-499F-AA1A-28808127DDC2-768x860.png 768w, https:\/\/illiablahun24.thkit.ee\/wp\/wp-content\/uploads\/2026\/02\/2A73427C-E86C-499F-AA1A-28808127DDC2-134x150.png 134w\" sizes=\"auto, (max-width: 861px) 100vw, 861px\" \/><\/figure>\n\n\n\n<figure class=\"wp-block-image size-large\"><img loading=\"lazy\" decoding=\"async\" width=\"1024\" height=\"513\" src=\"https:\/\/illiablahun24.thkit.ee\/wp\/wp-content\/uploads\/2026\/02\/4947DF8D-8765-4789-9D90-C3C62BA66F75-1024x513.png\" alt=\"\" class=\"wp-image-1193\" srcset=\"https:\/\/illiablahun24.thkit.ee\/wp\/wp-content\/uploads\/2026\/02\/4947DF8D-8765-4789-9D90-C3C62BA66F75-1024x513.png 1024w, https:\/\/illiablahun24.thkit.ee\/wp\/wp-content\/uploads\/2026\/02\/4947DF8D-8765-4789-9D90-C3C62BA66F75-300x150.png 300w, https:\/\/illiablahun24.thkit.ee\/wp\/wp-content\/uploads\/2026\/02\/4947DF8D-8765-4789-9D90-C3C62BA66F75-768x384.png 768w, https:\/\/illiablahun24.thkit.ee\/wp\/wp-content\/uploads\/2026\/02\/4947DF8D-8765-4789-9D90-C3C62BA66F75-150x75.png 150w, https:\/\/illiablahun24.thkit.ee\/wp\/wp-content\/uploads\/2026\/02\/4947DF8D-8765-4789-9D90-C3C62BA66F75-1536x769.png 1536w, https:\/\/illiablahun24.thkit.ee\/wp\/wp-content\/uploads\/2026\/02\/4947DF8D-8765-4789-9D90-C3C62BA66F75.png 1920w\" sizes=\"auto, (max-width: 1024px) 100vw, 1024px\" \/><\/figure>\n\n\n\n<p>Samuti on \u00fcleval ekraanipildid erinevatest seadmetest, mis n\u00e4itavad, kuidas leht kohandub telefonis, tahvelarvutis ja arvutis.<\/p>\n\n\n\n<p><\/p>\n","protected":false},"excerpt":{"rendered":"<p>Responsive disain on see, kui veebileht kohandub ekraani laiuse ja k\u00f5rgusega, ehk see s\u00f5ltub nendest. T\u00e4nu sellele on seda oluliselt lihtsam hooldada kui adaptive-disaini. Adaptive disain t\u00e4hendab, et veebilehel on eraldi versioonid erinevate seadmete jaoks \u2013 t\u00e4psemalt \u00f6eldes luuakse eraldi maketid telefoni, tahvelarvuti ja arvuti jaoks. Seda on keerulisem hooldada. Allpool n\u00e4itan tabelit nende erinevuste [&hellip;]<\/p>\n","protected":false},"author":1,"featured_media":0,"parent":0,"menu_order":0,"comment_status":"closed","ping_status":"closed","template":"","meta":{"footnotes":""},"class_list":["post-1183","page","type-page","status-publish","hentry"],"yoast_head":"<!-- This site is optimized with the Yoast SEO plugin v27.4 - https:\/\/yoast.com\/product\/yoast-seo-wordpress\/ -->\n<title>Web Design - Illia Blahun portfoolio<\/title>\n<meta name=\"robots\" content=\"index, follow, max-snippet:-1, max-image-preview:large, max-video-preview:-1\" \/>\n<link rel=\"canonical\" href=\"https:\/\/illiablahun24.thkit.ee\/wp\/web-design\/\" \/>\n<meta property=\"og:locale\" content=\"et_EE\" \/>\n<meta property=\"og:type\" content=\"article\" \/>\n<meta property=\"og:title\" content=\"Web Design - Illia Blahun portfoolio\" \/>\n<meta property=\"og:description\" content=\"Responsive disain on see, kui veebileht kohandub ekraani laiuse ja k\u00f5rgusega, ehk see s\u00f5ltub nendest. T\u00e4nu sellele on seda oluliselt lihtsam hooldada kui adaptive-disaini. Adaptive disain t\u00e4hendab, et veebilehel on eraldi versioonid erinevate seadmete jaoks \u2013 t\u00e4psemalt \u00f6eldes luuakse eraldi maketid telefoni, tahvelarvuti ja arvuti jaoks. Seda on keerulisem hooldada. Allpool n\u00e4itan tabelit nende erinevuste [&hellip;]\" \/>\n<meta property=\"og:url\" content=\"https:\/\/illiablahun24.thkit.ee\/wp\/web-design\/\" \/>\n<meta property=\"og:site_name\" content=\"Illia Blahun portfoolio\" \/>\n<meta property=\"article:modified_time\" content=\"2026-02-26T11:29:20+00:00\" \/>\n<meta property=\"og:image\" content=\"https:\/\/illiablahun24.thkit.ee\/wp\/wp-content\/uploads\/2026\/02\/9A529AE1-42A8-4E69-8A6B-7A1E24EE4471-1.png\" \/>\n\t<meta property=\"og:image:width\" content=\"736\" \/>\n\t<meta property=\"og:image:height\" content=\"803\" \/>\n\t<meta property=\"og:image:type\" content=\"image\/png\" \/>\n<meta name=\"twitter:card\" content=\"summary_large_image\" \/>\n<meta name=\"twitter:label1\" content=\"Est. reading time\" \/>\n\t<meta name=\"twitter:data1\" content=\"2 minutit\" \/>\n<script type=\"application\/ld+json\" class=\"yoast-schema-graph\">{\"@context\":\"https:\\\/\\\/schema.org\",\"@graph\":[{\"@type\":\"WebPage\",\"@id\":\"https:\\\/\\\/illiablahun24.thkit.ee\\\/wp\\\/web-design\\\/\",\"url\":\"https:\\\/\\\/illiablahun24.thkit.ee\\\/wp\\\/web-design\\\/\",\"name\":\"Web Design - Illia Blahun portfoolio\",\"isPartOf\":{\"@id\":\"https:\\\/\\\/illiablahun24.thkit.ee\\\/wp\\\/#website\"},\"primaryImageOfPage\":{\"@id\":\"https:\\\/\\\/illiablahun24.thkit.ee\\\/wp\\\/web-design\\\/#primaryimage\"},\"image\":{\"@id\":\"https:\\\/\\\/illiablahun24.thkit.ee\\\/wp\\\/web-design\\\/#primaryimage\"},\"thumbnailUrl\":\"https:\\\/\\\/illiablahun24.thkit.ee\\\/wp\\\/wp-content\\\/uploads\\\/2026\\\/02\\\/9A529AE1-42A8-4E69-8A6B-7A1E24EE4471-1.png\",\"datePublished\":\"2026-02-26T09:21:42+00:00\",\"dateModified\":\"2026-02-26T11:29:20+00:00\",\"breadcrumb\":{\"@id\":\"https:\\\/\\\/illiablahun24.thkit.ee\\\/wp\\\/web-design\\\/#breadcrumb\"},\"inLanguage\":\"et\",\"potentialAction\":[{\"@type\":\"ReadAction\",\"target\":[\"https:\\\/\\\/illiablahun24.thkit.ee\\\/wp\\\/web-design\\\/\"]}]},{\"@type\":\"ImageObject\",\"inLanguage\":\"et\",\"@id\":\"https:\\\/\\\/illiablahun24.thkit.ee\\\/wp\\\/web-design\\\/#primaryimage\",\"url\":\"https:\\\/\\\/illiablahun24.thkit.ee\\\/wp\\\/wp-content\\\/uploads\\\/2026\\\/02\\\/9A529AE1-42A8-4E69-8A6B-7A1E24EE4471-1.png\",\"contentUrl\":\"https:\\\/\\\/illiablahun24.thkit.ee\\\/wp\\\/wp-content\\\/uploads\\\/2026\\\/02\\\/9A529AE1-42A8-4E69-8A6B-7A1E24EE4471-1.png\",\"width\":736,\"height\":803},{\"@type\":\"BreadcrumbList\",\"@id\":\"https:\\\/\\\/illiablahun24.thkit.ee\\\/wp\\\/web-design\\\/#breadcrumb\",\"itemListElement\":[{\"@type\":\"ListItem\",\"position\":1,\"name\":\"Home\",\"item\":\"https:\\\/\\\/illiablahun24.thkit.ee\\\/wp\\\/\"},{\"@type\":\"ListItem\",\"position\":2,\"name\":\"Web Design\"}]},{\"@type\":\"WebSite\",\"@id\":\"https:\\\/\\\/illiablahun24.thkit.ee\\\/wp\\\/#website\",\"url\":\"https:\\\/\\\/illiablahun24.thkit.ee\\\/wp\\\/\",\"name\":\"Illia Blahun portfoolio\",\"description\":\"Noorem tarvaarendaja\",\"potentialAction\":[{\"@type\":\"SearchAction\",\"target\":{\"@type\":\"EntryPoint\",\"urlTemplate\":\"https:\\\/\\\/illiablahun24.thkit.ee\\\/wp\\\/?s={search_term_string}\"},\"query-input\":{\"@type\":\"PropertyValueSpecification\",\"valueRequired\":true,\"valueName\":\"search_term_string\"}}],\"inLanguage\":\"et\"}]}<\/script>\n<!-- \/ Yoast SEO plugin. -->","yoast_head_json":{"title":"Web Design - Illia Blahun portfoolio","robots":{"index":"index","follow":"follow","max-snippet":"max-snippet:-1","max-image-preview":"max-image-preview:large","max-video-preview":"max-video-preview:-1"},"canonical":"https:\/\/illiablahun24.thkit.ee\/wp\/web-design\/","og_locale":"et_EE","og_type":"article","og_title":"Web Design - Illia Blahun portfoolio","og_description":"Responsive disain on see, kui veebileht kohandub ekraani laiuse ja k\u00f5rgusega, ehk see s\u00f5ltub nendest. T\u00e4nu sellele on seda oluliselt lihtsam hooldada kui adaptive-disaini. Adaptive disain t\u00e4hendab, et veebilehel on eraldi versioonid erinevate seadmete jaoks \u2013 t\u00e4psemalt \u00f6eldes luuakse eraldi maketid telefoni, tahvelarvuti ja arvuti jaoks. Seda on keerulisem hooldada. Allpool n\u00e4itan tabelit nende erinevuste [&hellip;]","og_url":"https:\/\/illiablahun24.thkit.ee\/wp\/web-design\/","og_site_name":"Illia Blahun portfoolio","article_modified_time":"2026-02-26T11:29:20+00:00","og_image":[{"width":736,"height":803,"url":"https:\/\/illiablahun24.thkit.ee\/wp\/wp-content\/uploads\/2026\/02\/9A529AE1-42A8-4E69-8A6B-7A1E24EE4471-1.png","type":"image\/png"}],"twitter_card":"summary_large_image","twitter_misc":{"Est. reading time":"2 minutit"},"schema":{"@context":"https:\/\/schema.org","@graph":[{"@type":"WebPage","@id":"https:\/\/illiablahun24.thkit.ee\/wp\/web-design\/","url":"https:\/\/illiablahun24.thkit.ee\/wp\/web-design\/","name":"Web Design - Illia Blahun portfoolio","isPartOf":{"@id":"https:\/\/illiablahun24.thkit.ee\/wp\/#website"},"primaryImageOfPage":{"@id":"https:\/\/illiablahun24.thkit.ee\/wp\/web-design\/#primaryimage"},"image":{"@id":"https:\/\/illiablahun24.thkit.ee\/wp\/web-design\/#primaryimage"},"thumbnailUrl":"https:\/\/illiablahun24.thkit.ee\/wp\/wp-content\/uploads\/2026\/02\/9A529AE1-42A8-4E69-8A6B-7A1E24EE4471-1.png","datePublished":"2026-02-26T09:21:42+00:00","dateModified":"2026-02-26T11:29:20+00:00","breadcrumb":{"@id":"https:\/\/illiablahun24.thkit.ee\/wp\/web-design\/#breadcrumb"},"inLanguage":"et","potentialAction":[{"@type":"ReadAction","target":["https:\/\/illiablahun24.thkit.ee\/wp\/web-design\/"]}]},{"@type":"ImageObject","inLanguage":"et","@id":"https:\/\/illiablahun24.thkit.ee\/wp\/web-design\/#primaryimage","url":"https:\/\/illiablahun24.thkit.ee\/wp\/wp-content\/uploads\/2026\/02\/9A529AE1-42A8-4E69-8A6B-7A1E24EE4471-1.png","contentUrl":"https:\/\/illiablahun24.thkit.ee\/wp\/wp-content\/uploads\/2026\/02\/9A529AE1-42A8-4E69-8A6B-7A1E24EE4471-1.png","width":736,"height":803},{"@type":"BreadcrumbList","@id":"https:\/\/illiablahun24.thkit.ee\/wp\/web-design\/#breadcrumb","itemListElement":[{"@type":"ListItem","position":1,"name":"Home","item":"https:\/\/illiablahun24.thkit.ee\/wp\/"},{"@type":"ListItem","position":2,"name":"Web Design"}]},{"@type":"WebSite","@id":"https:\/\/illiablahun24.thkit.ee\/wp\/#website","url":"https:\/\/illiablahun24.thkit.ee\/wp\/","name":"Illia Blahun portfoolio","description":"Noorem tarvaarendaja","potentialAction":[{"@type":"SearchAction","target":{"@type":"EntryPoint","urlTemplate":"https:\/\/illiablahun24.thkit.ee\/wp\/?s={search_term_string}"},"query-input":{"@type":"PropertyValueSpecification","valueRequired":true,"valueName":"search_term_string"}}],"inLanguage":"et"}]}},"_links":{"self":[{"href":"https:\/\/illiablahun24.thkit.ee\/wp\/wp-json\/wp\/v2\/pages\/1183","targetHints":{"allow":["GET"]}}],"collection":[{"href":"https:\/\/illiablahun24.thkit.ee\/wp\/wp-json\/wp\/v2\/pages"}],"about":[{"href":"https:\/\/illiablahun24.thkit.ee\/wp\/wp-json\/wp\/v2\/types\/page"}],"author":[{"embeddable":true,"href":"https:\/\/illiablahun24.thkit.ee\/wp\/wp-json\/wp\/v2\/users\/1"}],"replies":[{"embeddable":true,"href":"https:\/\/illiablahun24.thkit.ee\/wp\/wp-json\/wp\/v2\/comments?post=1183"}],"version-history":[{"count":6,"href":"https:\/\/illiablahun24.thkit.ee\/wp\/wp-json\/wp\/v2\/pages\/1183\/revisions"}],"predecessor-version":[{"id":1200,"href":"https:\/\/illiablahun24.thkit.ee\/wp\/wp-json\/wp\/v2\/pages\/1183\/revisions\/1200"}],"wp:attachment":[{"href":"https:\/\/illiablahun24.thkit.ee\/wp\/wp-json\/wp\/v2\/media?parent=1183"}],"curies":[{"name":"wp","href":"https:\/\/api.w.org\/{rel}","templated":true}]}}