{"id":882,"date":"2025-10-13T08:35:14","date_gmt":"2025-10-13T06:35:14","guid":{"rendered":"https:\/\/illiablahun24.thkit.ee\/wp\/?page_id=882"},"modified":"2025-10-21T06:39:28","modified_gmt":"2025-10-21T06:39:28","slug":"ab-halduse-konspekt","status":"publish","type":"page","link":"https:\/\/illiablahun24.thkit.ee\/wp\/ru\/ab-halduse-konspekt\/","title":{"rendered":"\u041f\u043b\u0430\u043d \u0430\u0434\u043c\u0438\u043d\u0438\u0441\u0442\u0440\u0438\u0440\u043e\u0432\u0430\u043d\u0438\u044f \u0411\u0414"},"content":{"rendered":"\n<p><br><\/p>\n\n\n\n<details class=\"wp-block-details is-layout-flow wp-block-details-is-layout-flow\"><summary>AB Kasutajate rollid:<\/summary>\n<p>&#8212; AB kasutaja &#8212; tavakasutaja, mis saab muuta, lisada, filtreerida ja otsida vastavalt vajadusele<br><br>&#8212; AB programmeerija &#8212; loob funktsioonid ja protseduurid (trigerid)<br>&#8212; DBA -AB administraator &#8212; tagab, et \u00f5iged kasutajad saavad oma \u00f5igused<br>&#8212; AB projekteerija &#8212; loob tabeli ja AB struktuuri<\/p>\n<\/details>\n\n\n\n<details class=\"wp-block-details is-layout-flow wp-block-details-is-layout-flow\"><summary>DBA &#8212; AB administraator liigid:<\/summary>\n<p>*S\u00fcsteemiadmin<\/p>\n\n\n\n<p>*AB arhitekt<\/p>\n\n\n\n<p>*AB anal\u00fc\u00fctik<\/p>\n\n\n\n<p><br>*Data warehouse &#8212; \u0445\u0440\u0430\u043d\u0438\u043b\u0438\u0449\u0435 \u0434\u0430\u043d\u043d\u044b\u0445<\/p>\n<\/details>\n\n\n\n<details class=\"wp-block-details is-layout-flow wp-block-details-is-layout-flow\"><summary>DBA kaks peamist eem\u00e4rki(\u00fclesanded):<\/summary>\n<ol class=\"wp-block-list\">\n<li>kasutajate toetus ja ligip\u00e4\u00e4su jagamine ja seadistamine<\/li>\n\n\n\n<li>AB turvalisus ja j\u00f5udluse tagamine<\/li>\n<\/ol>\n<\/details>\n\n\n\n<details class=\"wp-block-details is-layout-flow wp-block-details-is-layout-flow\"><summary>AB turvalisus &#8212; 3 p\u00f5hiaspekti<\/summary>\n<p>*Andmete konfidentsiaalsus(<strong>confidentiality<\/strong>) &#8212; \u043a\u043e\u043d\u0444\u0438\u0434\u0435\u043d\u0446\u0438\u0430\u043b\u044c\u043d\u043e\u0441\u0442\u044c: <\/p>\n\n\n\n<p>\u2022<strong>GRANT role to user [identified by pwd] [with grant option];<\/strong><\/p>\n\n\n\n<p>\u2022<strong>REVOKE <\/strong><strong>role from user;<\/strong><\/p>\n\n\n\n<p>*K\u00e4ttesaadavus(<strong>availability<\/strong>) &#8212; \u0434\u043e\u0441\u0442\u0443\u043f\u043d\u043e\u0441\u0442\u044c:<br><strong>Andmed me saame k\u00e4tte \u00f5igel ajal ja \u00f5igel kasutajal<\/strong><\/p>\n\n\n\n<p>*Terviklikkus(<strong>integrity<\/strong>) &#8212; \u0446\u0435\u043b\u043e\u0441\u0442\u043d\u043e\u0441\u0442\u044c:<br>Usaldusv\u00e4\u00e4rne andmellikad<\/p>\n\n\n\n<p><\/p>\n<\/details>\n\n\n\n<figure class=\"wp-block-table\"><table class=\"has-fixed-layout\"><tbody><tr><td>Risk<\/td><td>Ohustuse aspekt <\/td><\/tr><tr><td>Inimlikud vead<\/td><td>Konfidentsiaalsus, K\u00e4ttesaadavus,Terviklikkus <\/td><\/tr><tr><td>f\u00fc\u00fcsilised vead (riistvara)<\/td><td>K\u00e4ttesaadavus,Terviklikkus <\/td><\/tr><tr><td>Operatsioonis\u00fcsteemi rikked<\/td><td>K\u00e4ttesaadavus,Terviklikkus, Konfidentsiaalsus<\/td><\/tr><tr><td>Andmebaasis\u00fcsteemi rikked<\/td><td>K\u00e4ttesaadavus,Terviklikkus, Konfidentsiaalsus<\/td><\/tr><\/tbody><\/table><\/figure>\n\n\n\n<details class=\"wp-block-details is-layout-flow wp-block-details-is-layout-flow\"><summary>Tehingud<\/summary>\n<p><strong>COMMIT<\/strong> \u2013 \u043f\u043e\u0434\u0442\u0432\u0435\u0440\u0436\u0434\u0435\u043d\u0438\u0435 \u0442\u0440\u0430\u043d\u0437\u0430\u043a\u0446\u0438\u0438; \u0444\u0438\u043a\u0441\u0438\u0440\u0443\u0435\u0442 \u0432\u0441\u0435 \u0438\u0437\u043c\u0435\u043d\u0435\u043d\u0438\u044f \u0432 \u0431\u0430\u0437\u0435 \u0434\u0430\u043d\u043d\u044b\u0445.<br> <em>Kinnitamine tehingus; salvestab k\u00f5ik andmebaasis tehtud muudatused.<\/em><\/p>\n\n\n\n<p>\u2022 <strong>ROLLBACK<\/strong> \u2013 \u043e\u0442\u043a\u0430\u0442 \u0442\u0440\u0430\u043d\u0437\u0430\u043a\u0446\u0438\u0438; \u043e\u0442\u043c\u0435\u043d\u044f\u0435\u0442 \u0432\u0441\u0435 \u0438\u0437\u043c\u0435\u043d\u0435\u043d\u0438\u044f, \u0441\u0434\u0435\u043b\u0430\u043d\u043d\u044b\u0435 \u043f\u043e\u0441\u043b\u0435 \u043f\u043e\u0441\u043b\u0435\u0434\u043d\u0435\u0433\u043e COMMIT.<br> <em>Tehingu t\u00fchistamine; t\u00fchistab k\u00f5ik muudatused p\u00e4rast viimast kinnitamist (COMMIT).<\/em><\/p>\n\n\n\n<p>\u2022 <strong>ROLLFORWARD<\/strong> \u2013 \u0432\u043e\u0441\u0441\u0442\u0430\u043d\u043e\u0432\u043b\u0435\u043d\u0438\u0435 \u0431\u0430\u0437\u044b \u0434\u0430\u043d\u043d\u044b\u0445 \u043f\u0443\u0442\u0451\u043c \u043f\u0440\u0438\u043c\u0435\u043d\u0435\u043d\u0438\u044f \u0437\u0430\u0444\u0438\u043a\u0441\u0438\u0440\u043e\u0432\u0430\u043d\u043d\u044b\u0445 \u0438\u0437\u043c\u0435\u043d\u0435\u043d\u0438\u0439 \u0438\u0437 \u0436\u0443\u0440\u043d\u0430\u043b\u0430 \u0442\u0440\u0430\u043d\u0437\u0430\u043a\u0446\u0438\u0439 \u043f\u043e\u0441\u043b\u0435 \u0441\u0431\u043e\u044f.<br> <em>Andmebaasi taastamine, rakendades logis salvestatud kinnitatud muudatused p\u00e4rast s\u00fcsteemi riket.<\/em><\/p>\n\n\n\n<hr class=\"wp-block-separator has-alpha-channel-opacity\" \/>\n\n\n\n<p><\/p>\n<\/details>\n\n\n\n<details class=\"wp-block-details is-layout-flow wp-block-details-is-layout-flow\"><summary>Andmeladustamine ja andmete anal\u00fc\u00fcs<\/summary>\n<p>\u2022 <strong>Data Mining<\/strong> \u2013 \u043f\u043e\u0438\u0441\u043a \u0441\u043a\u0440\u044b\u0442\u044b\u0445 \u0448\u0430\u0431\u043b\u043e\u043d\u043e\u0432 \u0438 \u0437\u0430\u043a\u043e\u043d\u043e\u043c\u0435\u0440\u043d\u043e\u0441\u0442\u0435\u0439 \u0432 \u0434\u0430\u043d\u043d\u044b\u0445; \u043c\u0435\u0442\u043e\u0434 \u0438\u043d\u0442\u0435\u043b\u043b\u0435\u043a\u0442\u0443\u0430\u043b\u044c\u043d\u043e\u0433\u043e \u0430\u043d\u0430\u043b\u0438\u0437\u0430 \u0434\u0430\u043d\u043d\u044b\u0445.<br> Andmete kaevandamine \u2013 peidetud mustrite ja seoste leidmine andmetes; andmeanal\u00fc\u00fcsi meetod (kasutab statistikat ja masin\u00f5pet).<\/p>\n\n\n\n<p>\u2022 <strong>Data Warehouse<\/strong> \u2013 Andmeladu (EDW) on ettev\u00f5tte andmeplatvorm, mis v\u00f5imaldab anal\u00fc\u00fcsida ja aruandluseks koondada andmeid erinevatest allikatest, nagu m\u00fc\u00fcgitehingud, turundus ja kliendihaldus.<br>\u0425\u0440\u0430\u043d\u0438\u043b\u0438\u0449\u0435 \u0434\u0430\u043d\u043d\u044b\u0445 (EDW) \u2014 \u044d\u0442\u043e \u043f\u043b\u0430\u0442\u0444\u043e\u0440\u043c\u0430, \u043e\u0431\u044a\u0435\u0434\u0438\u043d\u044f\u044e\u0449\u0430\u044f \u0434\u0430\u043d\u043d\u044b\u0435 \u0438\u0437 \u0440\u0430\u0437\u043d\u044b\u0445 \u0438\u0441\u0442\u043e\u0447\u043d\u0438\u043a\u043e\u0432 \u0434\u043b\u044f \u0430\u043d\u0430\u043b\u0438\u0437\u0430 \u0438 \u043e\u0442\u0447\u0435\u0442\u043d\u043e\u0441\u0442\u0438, \u0442\u0430\u043a\u0438\u0445 \u043a\u0430\u043a \u043f\u0440\u043e\u0434\u0430\u0436\u0438, \u043c\u0430\u0440\u043a\u0435\u0442\u0438\u043d\u0433 \u0438 \u0440\u0430\u0431\u043e\u0442\u0430 \u0441 \u043a\u043b\u0438\u0435\u043d\u0442\u0430\u043c\u0438.<\/p>\n<\/details>\n\n\n\n<p><br>Adventure AB \u00fclesanded<br><\/p>\n\n\n\n<p>Group by &#8212; on SQL-i k\u00e4sk, mis r\u00fchmitab andmed \u00fche v\u00f5i mitme veeru j\u00e4rgi ja v\u00f5imaldab arvutada koondtulemusi (nt <code>SUM<\/code>, <code>AVG<\/code>, <code>COUNT<\/code>).<\/p>\n\n\n<div class=\"wp-block-syntaxhighlighter-code \"><pre class=\"brush: sql; title: ; notranslate\" title=\"\">\nselect Country, Gender, Sum(Salary) as TotalSalary\nfrom DimEmployee\nGroup by Country, Gender\n<\/pre><\/div>\n\n\n<p>Union ALL &#8212; on SQL-k\u00e4su, mis \u00fchendab kahte v\u00f5i rohkem <strong>tulemuset<\/strong> (query) \u00fcksteise alla, <strong>s\u00e4ilitades k\u00f5ik read<\/strong>, sealhulgas duplikaadid.<\/p>\n\n\n<div class=\"wp-block-syntaxhighlighter-code \"><pre class=\"brush: sql; title: ; notranslate\" title=\"\">\nSelect Country, Gender, Sum(Salary) as TotalSalary\nFrom DimEmployee\nGroup By Country, Gender\n\nUNION ALL\n\nSelect Country, NULL, Sum(Salary) as TotalSalary\nFrom DimEmployee\nGroup By Country\n\nUNION ALL\n\nSelect NULL, Gender, Sum(Salary) as TotalSalary\nFrom DimEmployee\nGroup By Gender\n\nUNION ALL\n\nSelect NULL, NULL, Sum(Salary) as TotalSalary\nFrom DimEmployee\n\n<\/pre><\/div>\n\n\n<p>GROUPING &#8212; on SQL funktsioon, mida kasutatakse koos <strong><code>ROLLUP<\/code><\/strong> v\u00f5i <strong><code>CUBE<\/code><\/strong>-iga, et m\u00e4\u00e4rata, millistes ridadest on tegemist koondatud v\u00e4\u00e4rtustega (summa, keskmine jms) ja millistes on algandmed.<\/p>\n\n\n<div class=\"wp-block-syntaxhighlighter-code \"><pre class=\"brush: sql; title: ; notranslate\" title=\"\">\nSelect Country, Gender, Sum(Salary) as TotalSalary\nFrom DimEmployee\nGroup By \n    GROUPING SETS\n    (\n        (Country, Gender),  -- Sum of Salary by Country and Gender\n        (Country),          -- Sum of Salary by Country\n        (Gender),           -- Sum of Salary by Gender\n        ()                  -- Grand Total\n    )\nOrder By Grouping(Country), Grouping(Gender), Gender;\n\n<\/pre><\/div>\n\n\n<p>ROLLUP &#8212; on SQL-i funktsioon, mis teeb <strong>koondamist hierarhiliselt<\/strong>. See loob koondatud tulemusi j\u00e4rjest suuremate gruppide j\u00e4rgi.<\/p>\n\n\n<div class=\"wp-block-syntaxhighlighter-code \"><pre class=\"brush: sql; title: ; notranslate\" title=\"\">\nSELECT Country, Gender, SUM(Salary) AS TotalSalary\nFROM DimEmployee\nGROUP BY ROLLUP(Country, Gender)\n\n--OR\n\nSELECT Country, Gender, SUM(Salary) AS TotalSalary\nFROM DimEmployee\nGROUP BY Country, Gender WITH ROLLUP\n\n<\/pre><\/div>\n\n\n<p>CUBE &#8212; on SQL funktsioon, mis teeb andmete <strong>koondamise k\u00f5ikides v\u00f5imalikest r\u00fchmituste kombinatsioonides<\/strong>.<\/p>\n\n\n<div class=\"wp-block-syntaxhighlighter-code \"><pre class=\"brush: sql; title: ; notranslate\" title=\"\">\nSELECT Country, Gender, SUM(Salary) AS TotalSalary\nFROM DimEmployee\nGROUP BY CUBE(Country, Gender)\n\n--OR\n\nSELECT Country, Gender, SUM(Salary) AS TotalSalary\nFROM DimEmployee\nGROUP BY Country, Gender WITH CUBE\n<\/pre><\/div>\n\n\n<p>Erinevus ROLLUP JA CUBE &#8212; Rollup summerib hierarhiliselt valitud veergud, CUBE arvutab summad igas veerus\/kombinatsioonis.<br><br>CUBE loob tulemuse, mis n\u00e4itab kokkuarvutatavaid summasid igas kombinatsioonis ja selekteeritud veerus. Samas ROLLUP loob tulemuse, mis n\u00e4itab valitud veergudel kokku arvutatud summat hierarhiliselt.<\/p>\n\n\n\n<p><\/p>\n","protected":false},"excerpt":{"rendered":"<p>Risk Ohustuse aspekt Inimlikud vead Konfidentsiaalsus, K\u00e4ttesaadavus,Terviklikkus f\u00fc\u00fcsilised vead (riistvara) K\u00e4ttesaadavus,Terviklikkus Operatsioonis\u00fcsteemi rikked K\u00e4ttesaadavus,Terviklikkus, Konfidentsiaalsus Andmebaasis\u00fcsteemi rikked K\u00e4ttesaadavus,Terviklikkus, Konfidentsiaalsus Adventure AB \u00fclesanded Group by &#8212; on SQL-i k\u00e4sk, mis r\u00fchmitab andmed \u00fche v\u00f5i mitme veeru j\u00e4rgi ja v\u00f5imaldab arvutada koondtulemusi (nt SUM, AVG, COUNT). Union ALL &#8212; on SQL-k\u00e4su, mis \u00fchendab kahte v\u00f5i rohkem tulemuset [&hellip;]<\/p>\n","protected":false},"author":1,"featured_media":0,"parent":0,"menu_order":0,"comment_status":"closed","ping_status":"closed","template":"","meta":{"footnotes":""},"class_list":["post-882","page","type-page","status-publish","hentry"],"yoast_head":"<!-- This site is optimized with the Yoast SEO plugin v27.4 - https:\/\/yoast.com\/product\/yoast-seo-wordpress\/ -->\n<title>\u041f\u043b\u0430\u043d \u0430\u0434\u043c\u0438\u043d\u0438\u0441\u0442\u0440\u0438\u0440\u043e\u0432\u0430\u043d\u0438\u044f \u0411\u0414 - Illia Blahun&#039;s portfolio | RU<\/title>\n<meta name=\"robots\" content=\"index, follow, max-snippet:-1, max-image-preview:large, max-video-preview:-1\" \/>\n<link rel=\"canonical\" href=\"https:\/\/illiablahun24.thkit.ee\/wp\/ru\/ab-halduse-konspekt\/\" \/>\n<meta property=\"og:locale\" content=\"ru_RU\" \/>\n<meta property=\"og:type\" content=\"article\" \/>\n<meta property=\"og:title\" content=\"\u041f\u043b\u0430\u043d \u0430\u0434\u043c\u0438\u043d\u0438\u0441\u0442\u0440\u0438\u0440\u043e\u0432\u0430\u043d\u0438\u044f \u0411\u0414 - Illia Blahun&#039;s portfolio | RU\" \/>\n<meta property=\"og:description\" content=\"Risk Ohustuse aspekt Inimlikud vead Konfidentsiaalsus, K\u00e4ttesaadavus,Terviklikkus f\u00fc\u00fcsilised vead (riistvara) K\u00e4ttesaadavus,Terviklikkus Operatsioonis\u00fcsteemi rikked K\u00e4ttesaadavus,Terviklikkus, Konfidentsiaalsus Andmebaasis\u00fcsteemi rikked K\u00e4ttesaadavus,Terviklikkus, Konfidentsiaalsus Adventure AB \u00fclesanded Group by &#8212; on SQL-i k\u00e4sk, mis r\u00fchmitab andmed \u00fche v\u00f5i mitme veeru j\u00e4rgi ja v\u00f5imaldab arvutada koondtulemusi (nt SUM, AVG, COUNT). Union ALL &#8212; on SQL-k\u00e4su, mis \u00fchendab kahte v\u00f5i rohkem tulemuset [&hellip;]\" \/>\n<meta property=\"og:url\" content=\"https:\/\/illiablahun24.thkit.ee\/wp\/ru\/ab-halduse-konspekt\/\" \/>\n<meta property=\"og:site_name\" content=\"Illia Blahun&#039;s portfolio | RU\" \/>\n<meta property=\"article:modified_time\" content=\"2025-10-21T06:39:28+00:00\" \/>\n<meta name=\"twitter:card\" content=\"summary_large_image\" \/>\n<meta name=\"twitter:label1\" content=\"\u041f\u0440\u0438\u043c\u0435\u0440\u043d\u043e\u0435 \u0432\u0440\u0435\u043c\u044f \u0434\u043b\u044f \u0447\u0442\u0435\u043d\u0438\u044f\" \/>\n\t<meta name=\"twitter:data1\" content=\"3 \u043c\u0438\u043d\u0443\u0442\u044b\" \/>\n<script type=\"application\/ld+json\" class=\"yoast-schema-graph\">{\"@context\":\"https:\\\/\\\/schema.org\",\"@graph\":[{\"@type\":\"WebPage\",\"@id\":\"https:\\\/\\\/illiablahun24.thkit.ee\\\/wp\\\/ru\\\/ab-halduse-konspekt\\\/\",\"url\":\"https:\\\/\\\/illiablahun24.thkit.ee\\\/wp\\\/ru\\\/ab-halduse-konspekt\\\/\",\"name\":\"\u041f\u043b\u0430\u043d \u0430\u0434\u043c\u0438\u043d\u0438\u0441\u0442\u0440\u0438\u0440\u043e\u0432\u0430\u043d\u0438\u044f \u0411\u0414 - Illia Blahun&#039;s portfolio | RU\",\"isPartOf\":{\"@id\":\"https:\\\/\\\/illiablahun24.thkit.ee\\\/wp\\\/ru\\\/#website\"},\"datePublished\":\"2025-10-13T06:35:14+00:00\",\"dateModified\":\"2025-10-21T06:39:28+00:00\",\"breadcrumb\":{\"@id\":\"https:\\\/\\\/illiablahun24.thkit.ee\\\/wp\\\/ru\\\/ab-halduse-konspekt\\\/#breadcrumb\"},\"inLanguage\":\"ru-RU\",\"potentialAction\":[{\"@type\":\"ReadAction\",\"target\":[\"https:\\\/\\\/illiablahun24.thkit.ee\\\/wp\\\/ru\\\/ab-halduse-konspekt\\\/\"]}]},{\"@type\":\"BreadcrumbList\",\"@id\":\"https:\\\/\\\/illiablahun24.thkit.ee\\\/wp\\\/ru\\\/ab-halduse-konspekt\\\/#breadcrumb\",\"itemListElement\":[{\"@type\":\"ListItem\",\"position\":1,\"name\":\"Home\",\"item\":\"https:\\\/\\\/illiablahun24.thkit.ee\\\/wp\\\/ru\\\/\"},{\"@type\":\"ListItem\",\"position\":2,\"name\":\"\u041f\u043b\u0430\u043d \u0430\u0434\u043c\u0438\u043d\u0438\u0441\u0442\u0440\u0438\u0440\u043e\u0432\u0430\u043d\u0438\u044f \u0411\u0414\"}]},{\"@type\":\"WebSite\",\"@id\":\"https:\\\/\\\/illiablahun24.thkit.ee\\\/wp\\\/ru\\\/#website\",\"url\":\"https:\\\/\\\/illiablahun24.thkit.ee\\\/wp\\\/ru\\\/\",\"name\":\"Illia Blahun&#039;s portfolio | RU\",\"description\":\"\",\"potentialAction\":[{\"@type\":\"SearchAction\",\"target\":{\"@type\":\"EntryPoint\",\"urlTemplate\":\"https:\\\/\\\/illiablahun24.thkit.ee\\\/wp\\\/ru\\\/?s={search_term_string}\"},\"query-input\":{\"@type\":\"PropertyValueSpecification\",\"valueRequired\":true,\"valueName\":\"search_term_string\"}}],\"inLanguage\":\"ru-RU\"}]}<\/script>\n<!-- \/ Yoast SEO plugin. -->","yoast_head_json":{"title":"\u041f\u043b\u0430\u043d \u0430\u0434\u043c\u0438\u043d\u0438\u0441\u0442\u0440\u0438\u0440\u043e\u0432\u0430\u043d\u0438\u044f \u0411\u0414 - Illia Blahun&#039;s portfolio | RU","robots":{"index":"index","follow":"follow","max-snippet":"max-snippet:-1","max-image-preview":"max-image-preview:large","max-video-preview":"max-video-preview:-1"},"canonical":"https:\/\/illiablahun24.thkit.ee\/wp\/ru\/ab-halduse-konspekt\/","og_locale":"ru_RU","og_type":"article","og_title":"\u041f\u043b\u0430\u043d \u0430\u0434\u043c\u0438\u043d\u0438\u0441\u0442\u0440\u0438\u0440\u043e\u0432\u0430\u043d\u0438\u044f \u0411\u0414 - Illia Blahun&#039;s portfolio | RU","og_description":"Risk Ohustuse aspekt Inimlikud vead Konfidentsiaalsus, K\u00e4ttesaadavus,Terviklikkus f\u00fc\u00fcsilised vead (riistvara) K\u00e4ttesaadavus,Terviklikkus Operatsioonis\u00fcsteemi rikked K\u00e4ttesaadavus,Terviklikkus, Konfidentsiaalsus Andmebaasis\u00fcsteemi rikked K\u00e4ttesaadavus,Terviklikkus, Konfidentsiaalsus Adventure AB \u00fclesanded Group by &#8212; on SQL-i k\u00e4sk, mis r\u00fchmitab andmed \u00fche v\u00f5i mitme veeru j\u00e4rgi ja v\u00f5imaldab arvutada koondtulemusi (nt SUM, AVG, COUNT). Union ALL &#8212; on SQL-k\u00e4su, mis \u00fchendab kahte v\u00f5i rohkem tulemuset [&hellip;]","og_url":"https:\/\/illiablahun24.thkit.ee\/wp\/ru\/ab-halduse-konspekt\/","og_site_name":"Illia Blahun&#039;s portfolio | RU","article_modified_time":"2025-10-21T06:39:28+00:00","twitter_card":"summary_large_image","twitter_misc":{"\u041f\u0440\u0438\u043c\u0435\u0440\u043d\u043e\u0435 \u0432\u0440\u0435\u043c\u044f \u0434\u043b\u044f \u0447\u0442\u0435\u043d\u0438\u044f":"3 \u043c\u0438\u043d\u0443\u0442\u044b"},"schema":{"@context":"https:\/\/schema.org","@graph":[{"@type":"WebPage","@id":"https:\/\/illiablahun24.thkit.ee\/wp\/ru\/ab-halduse-konspekt\/","url":"https:\/\/illiablahun24.thkit.ee\/wp\/ru\/ab-halduse-konspekt\/","name":"\u041f\u043b\u0430\u043d \u0430\u0434\u043c\u0438\u043d\u0438\u0441\u0442\u0440\u0438\u0440\u043e\u0432\u0430\u043d\u0438\u044f \u0411\u0414 - Illia Blahun&#039;s portfolio | RU","isPartOf":{"@id":"https:\/\/illiablahun24.thkit.ee\/wp\/ru\/#website"},"datePublished":"2025-10-13T06:35:14+00:00","dateModified":"2025-10-21T06:39:28+00:00","breadcrumb":{"@id":"https:\/\/illiablahun24.thkit.ee\/wp\/ru\/ab-halduse-konspekt\/#breadcrumb"},"inLanguage":"ru-RU","potentialAction":[{"@type":"ReadAction","target":["https:\/\/illiablahun24.thkit.ee\/wp\/ru\/ab-halduse-konspekt\/"]}]},{"@type":"BreadcrumbList","@id":"https:\/\/illiablahun24.thkit.ee\/wp\/ru\/ab-halduse-konspekt\/#breadcrumb","itemListElement":[{"@type":"ListItem","position":1,"name":"Home","item":"https:\/\/illiablahun24.thkit.ee\/wp\/ru\/"},{"@type":"ListItem","position":2,"name":"\u041f\u043b\u0430\u043d \u0430\u0434\u043c\u0438\u043d\u0438\u0441\u0442\u0440\u0438\u0440\u043e\u0432\u0430\u043d\u0438\u044f \u0411\u0414"}]},{"@type":"WebSite","@id":"https:\/\/illiablahun24.thkit.ee\/wp\/ru\/#website","url":"https:\/\/illiablahun24.thkit.ee\/wp\/ru\/","name":"Illia Blahun&#039;s portfolio | RU","description":"","potentialAction":[{"@type":"SearchAction","target":{"@type":"EntryPoint","urlTemplate":"https:\/\/illiablahun24.thkit.ee\/wp\/ru\/?s={search_term_string}"},"query-input":{"@type":"PropertyValueSpecification","valueRequired":true,"valueName":"search_term_string"}}],"inLanguage":"ru-RU"}]}},"_links":{"self":[{"href":"https:\/\/illiablahun24.thkit.ee\/wp\/ru\/wp-json\/wp\/v2\/pages\/882","targetHints":{"allow":["GET"]}}],"collection":[{"href":"https:\/\/illiablahun24.thkit.ee\/wp\/ru\/wp-json\/wp\/v2\/pages"}],"about":[{"href":"https:\/\/illiablahun24.thkit.ee\/wp\/ru\/wp-json\/wp\/v2\/types\/page"}],"author":[{"embeddable":true,"href":"https:\/\/illiablahun24.thkit.ee\/wp\/ru\/wp-json\/wp\/v2\/users\/1"}],"replies":[{"embeddable":true,"href":"https:\/\/illiablahun24.thkit.ee\/wp\/ru\/wp-json\/wp\/v2\/comments?post=882"}],"version-history":[{"count":2,"href":"https:\/\/illiablahun24.thkit.ee\/wp\/ru\/wp-json\/wp\/v2\/pages\/882\/revisions"}],"predecessor-version":[{"id":911,"href":"https:\/\/illiablahun24.thkit.ee\/wp\/ru\/wp-json\/wp\/v2\/pages\/882\/revisions\/911"}],"wp:attachment":[{"href":"https:\/\/illiablahun24.thkit.ee\/wp\/ru\/wp-json\/wp\/v2\/media?parent=882"}],"curies":[{"name":"wp","href":"https:\/\/api.w.org\/{rel}","templated":true}]}}