{"id":563,"date":"2025-04-17T12:53:28","date_gmt":"2025-04-17T09:53:28","guid":{"rendered":"https:\/\/saotwo.wordpress.com\/?page_id=563"},"modified":"2025-04-17T12:53:28","modified_gmt":"2025-04-17T09:53:28","slug":"%d1%82%d0%b5e%d0%bc%d0%b0-6-sonastikud","status":"publish","type":"page","link":"https:\/\/illiablahun24.thkit.ee\/wp\/ru\/%d1%82%d0%b5e%d0%bc%d0%b0-6-sonastikud\/","title":{"rendered":"\u0422\u0435e\u043c\u0430: 6\u00a0S\u00f5nastikud"},"content":{"rendered":"\n<div id=\"ez-toc-container\" class=\"ez-toc-v2_0_82_2 counter-hierarchy ez-toc-counter ez-toc-grey ez-toc-container-direction\">\n<div class=\"ez-toc-title-container\">\n<p class=\"ez-toc-title\" style=\"cursor:inherit\">Table of Contents<\/p>\n<span class=\"ez-toc-title-toggle\"><a href=\"#\" class=\"ez-toc-pull-right ez-toc-btn ez-toc-btn-xs ez-toc-btn-default ez-toc-toggle\" aria-label=\"Toggle Table of Content\"><span class=\"ez-toc-js-icon-con\"><span class=\"\"><span class=\"eztoc-hide\" style=\"display:none;\">Toggle<\/span><span class=\"ez-toc-icon-toggle-span\"><svg style=\"fill: #999;color:#999\" xmlns=\"http:\/\/www.w3.org\/2000\/svg\" class=\"list-377408\" width=\"20px\" height=\"20px\" viewBox=\"0 0 24 24\" fill=\"none\"><path d=\"M6 6H4v2h2V6zm14 0H8v2h12V6zM4 11h2v2H4v-2zm16 0H8v2h12v-2zM4 16h2v2H4v-2zm16 0H8v2h12v-2z\" fill=\"currentColor\"><\/path><\/svg><svg style=\"fill: #999;color:#999\" class=\"arrow-unsorted-368013\" xmlns=\"http:\/\/www.w3.org\/2000\/svg\" width=\"10px\" height=\"10px\" viewBox=\"0 0 24 24\" version=\"1.2\" baseProfile=\"tiny\"><path d=\"M18.2 9.3l-6.2-6.3-6.2 6.3c-.2.2-.3.4-.3.7s.1.5.3.7c.2.2.4.3.7.3h11c.3 0 .5-.1.7-.3.2-.2.3-.5.3-.7s-.1-.5-.3-.7zM5.8 14.7l6.2 6.3 6.2-6.3c.2-.2.3-.5.3-.7s-.1-.5-.3-.7c-.2-.2-.4-.3-.7-.3h-11c-.3 0-.5.1-.7.3-.2.2-.3.5-.3.7s.1.5.3.7z\"\/><\/svg><\/span><\/span><\/span><\/a><\/span><\/div>\n<nav><ul class='ez-toc-list ez-toc-list-level-1 ' ><li class='ez-toc-page-1 ez-toc-heading-level-1'><a class=\"ez-toc-link ez-toc-heading-1\" href=\"https:\/\/illiablahun24.thkit.ee\/wp\/ru\/%d1%82%d0%b5e%d0%bc%d0%b0-6-sonastikud\/#Sonastikud_%D0%A1%D0%BB%D0%BE%D0%B2%D0%B0%D1%80%D0%B8\" >S\u00f5nastikud (\u0421\u043b\u043e\u0432\u0430\u0440\u0438)<\/a><ul class='ez-toc-list-level-2' ><li class='ez-toc-heading-level-2'><a class=\"ez-toc-link ez-toc-heading-2\" href=\"https:\/\/illiablahun24.thkit.ee\/wp\/ru\/%d1%82%d0%b5e%d0%bc%d0%b0-6-sonastikud\/#Sonastiku_loomine\" >S\u00f5nastiku loomine<\/a><\/li><li class='ez-toc-page-1 ez-toc-heading-level-2'><a class=\"ez-toc-link ez-toc-heading-3\" href=\"https:\/\/illiablahun24.thkit.ee\/wp\/ru\/%d1%82%d0%b5e%d0%bc%d0%b0-6-sonastikud\/#Poordumine_sonastiku_elementide_poole\" >P\u00f6\u00f6rdumine s\u00f5nastiku elementide poole<\/a><\/li><li class='ez-toc-page-1 ez-toc-heading-level-2'><a class=\"ez-toc-link ez-toc-heading-4\" href=\"https:\/\/illiablahun24.thkit.ee\/wp\/ru\/%d1%82%d0%b5e%d0%bc%d0%b0-6-sonastikud\/#Sonastiku_muutmine\" >S\u00f5nastiku muutmine<\/a><\/li><li class='ez-toc-page-1 ez-toc-heading-level-2'><a class=\"ez-toc-link ez-toc-heading-5\" href=\"https:\/\/illiablahun24.thkit.ee\/wp\/ru\/%d1%82%d0%b5e%d0%bc%d0%b0-6-sonastikud\/#Sonastiku_meetodid\" >S\u00f5nastiku meetodid<\/a><\/li><li class='ez-toc-page-1 ez-toc-heading-level-2'><a class=\"ez-toc-link ez-toc-heading-6\" href=\"https:\/\/illiablahun24.thkit.ee\/wp\/ru\/%d1%82%d0%b5e%d0%bc%d0%b0-6-sonastikud\/#Sonastiku_labimine\" >S\u00f5nastiku l\u00e4bimine<\/a><\/li><li class='ez-toc-page-1 ez-toc-heading-level-2'><a class=\"ez-toc-link ez-toc-heading-7\" href=\"https:\/\/illiablahun24.thkit.ee\/wp\/ru\/%d1%82%d0%b5e%d0%bc%d0%b0-6-sonastikud\/#Naide_Opilaste_andmebaas\" >N\u00e4ide: \u00d5pilaste andmebaas<\/a><\/li><\/ul><\/li><\/ul><\/nav><\/div>\n<h1 class=\"wp-block-heading\"><span class=\"ez-toc-section\" id=\"Sonastikud_%D0%A1%D0%BB%D0%BE%D0%B2%D0%B0%D1%80%D0%B8\"><\/span>S\u00f5nastikud (\u0421\u043b\u043e\u0432\u0430\u0440\u0438)<span class=\"ez-toc-section-end\"><\/span><\/h1>\n\n\n\n<p>S\u00f5nastik (ingl. dictionary) on andmestruktuur, mis salvestab andmeid v\u00f5tme-v\u00e4\u00e4rtus paaridena. Erinevalt listidest, kus elemendid on indekseeritud numbritega, on s\u00f5nastiku elemendid indekseeritud v\u00f5tmetega, mis v\u00f5ivad olla erinevat t\u00fc\u00fcpi (n\u00e4iteks stringid, arvud, ennikud jne).<\/p>\n\n\n\n<h2 class=\"wp-block-heading\"><span class=\"ez-toc-section\" id=\"Sonastiku_loomine\"><\/span>S\u00f5nastiku loomine<span class=\"ez-toc-section-end\"><\/span><\/h2>\n\n\n\n<p>S\u00f5nastik luuakse looksulgude <code>{}<\/code> vahel, kus iga v\u00f5ti ja v\u00e4\u00e4rtus eraldatakse kooloniga <code>:<\/code>, ning erinevad paarid eraldatakse komadega.<\/p>\n\n\n<div class=\"wp-block-syntaxhighlighter-code \"><pre class=\"brush: python; title: ; notranslate\" title=\"\">\n\u00f5pilane = {\n    &quot;nimi&quot;: &quot;Mari&quot;,\n    &quot;vanus&quot;: 17,\n    &quot;klass&quot;: &quot;11B&quot;\n}\n<\/pre><\/div>\n\n\n<h2 class=\"wp-block-heading\"><span class=\"ez-toc-section\" id=\"Poordumine_sonastiku_elementide_poole\"><\/span>P\u00f6\u00f6rdumine s\u00f5nastiku elementide poole<span class=\"ez-toc-section-end\"><\/span><\/h2>\n\n\n\n<p>S\u00f5nastiku elementidele saab p\u00f6\u00f6rduda v\u00f5tme abil:<\/p>\n\n\n<div class=\"wp-block-syntaxhighlighter-code \"><pre class=\"brush: python; title: ; notranslate\" title=\"\">\nprint(\u00f5pilane&#x5B;&quot;nimi&quot;])  # V\u00e4ljund: Mari\n<\/pre><\/div>\n\n\n<p>Kui v\u00f5tit ei eksisteeri, annab see vea. Selle v\u00e4ltimiseks saab kasutada meetodit <code>.get()<\/code>:<\/p>\n\n\n<div class=\"wp-block-syntaxhighlighter-code \"><pre class=\"brush: python; title: ; notranslate\" title=\"\">\nprint(\u00f5pilane.get(&quot;aadress&quot;, &quot;Puudub&quot;))  # V\u00e4ljund: Puudub\n<\/pre><\/div>\n\n\n<h2 class=\"wp-block-heading\"><span class=\"ez-toc-section\" id=\"Sonastiku_muutmine\"><\/span>S\u00f5nastiku muutmine<span class=\"ez-toc-section-end\"><\/span><\/h2>\n\n\n\n<p>Saab lisada uusi v\u00f5tme-v\u00e4\u00e4rtus paare v\u00f5i muuta olemasolevaid:<\/p>\n\n\n<div class=\"wp-block-syntaxhighlighter-code \"><pre class=\"brush: python; title: ; notranslate\" title=\"\">\n\u00f5pilane&#x5B;&quot;hobi&quot;] = &quot;Jalgpall&quot;  # Lisab uue v\u00f5tme-v\u00e4\u00e4rtus paari\n\u00f5pilane&#x5B;&quot;vanus&quot;] = 18         # Muudab olemasolevat v\u00e4\u00e4rtust\n<\/pre><\/div>\n\n\n<h2 class=\"wp-block-heading\"><span class=\"ez-toc-section\" id=\"Sonastiku_meetodid\"><\/span>S\u00f5nastiku meetodid<span class=\"ez-toc-section-end\"><\/span><\/h2>\n\n\n\n<ul class=\"wp-block-list\">\n<li><code>.keys()<\/code> \u2013 tagastab k\u00f5ik v\u00f5tmed<\/li>\n\n\n\n<li><code>.values()<\/code> \u2013 tagastab k\u00f5ik v\u00e4\u00e4rtused<\/li>\n\n\n\n<li><code>.items()<\/code> \u2013 tagastab v\u00f5tme-v\u00e4\u00e4rtus paarid ennikutena<\/li>\n\n\n\n<li><code>.pop(v\u00f5ti)<\/code> \u2013 eemaldab v\u00f5tme ja tagastab selle v\u00e4\u00e4rtuse<\/li>\n\n\n\n<li><code>.update(teine_s\u00f5nastik)<\/code> \u2013 lisab teise s\u00f5nastiku elemendid<\/li>\n<\/ul>\n\n\n\n<p>N\u00e4ide:<\/p>\n\n\n<div class=\"wp-block-syntaxhighlighter-code \"><pre class=\"brush: python; title: ; notranslate\" title=\"\">\nprint(\u00f5pilane.keys())    # V\u00e4ljund: dict_keys(&#x5B;&#039;nimi&#039;, &#039;vanus&#039;, &#039;klass&#039;, &#039;hobi&#039;])\nprint(\u00f5pilane.values())  # V\u00e4ljund: dict_values(&#x5B;&#039;Mari&#039;, 18, &#039;11B&#039;, &#039;Jalgpall&#039;])\n<\/pre><\/div>\n\n\n<h2 class=\"wp-block-heading\"><span class=\"ez-toc-section\" id=\"Sonastiku_labimine\"><\/span>S\u00f5nastiku l\u00e4bimine<span class=\"ez-toc-section-end\"><\/span><\/h2>\n\n\n\n<p>S\u00f5nastiku elemente saab l\u00e4bida ts\u00fcklis:<\/p>\n\n\n<div class=\"wp-block-syntaxhighlighter-code \"><pre class=\"brush: python; title: ; notranslate\" title=\"\">\nfor v\u00f5ti, v\u00e4\u00e4rtus in \u00f5pilane.items():\n    print(f&quot;{v\u00f5ti}: {v\u00e4\u00e4rtus}&quot;)\n<\/pre><\/div>\n\n\n<h2 class=\"wp-block-heading\"><span class=\"ez-toc-section\" id=\"Naide_Opilaste_andmebaas\"><\/span>N\u00e4ide: \u00d5pilaste andmebaas<span class=\"ez-toc-section-end\"><\/span><\/h2>\n\n\n<div class=\"wp-block-syntaxhighlighter-code \"><pre class=\"brush: python; title: ; notranslate\" title=\"\">\n\u00f5pilased = {\n    &quot;Mari&quot;: {&quot;vanus&quot;: 17, &quot;klass&quot;: &quot;11B&quot;},\n    &quot;Jaan&quot;: {&quot;vanus&quot;: 16, &quot;klass&quot;: &quot;10A&quot;},\n    &quot;Liisa&quot;: {&quot;vanus&quot;: 18, &quot;klass&quot;: &quot;12C&quot;}\n}\n\nprint(\u00f5pilased&#x5B;&quot;Jaan&quot;]&#x5B;&quot;klass&quot;])  # V\u00e4ljund: 10A\n<\/pre><\/div>\n\n\n<p>S\u00f5nastikud on v\u00f5imsad andmestruktuurid, mis v\u00f5imaldavad efektiivselt hallata keerukamaid andmehierarhiaid.<\/p>\n","protected":false},"excerpt":{"rendered":"<p>S\u00f5nastikud (\u0421\u043b\u043e\u0432\u0430\u0440\u0438) S\u00f5nastik (ingl. dictionary) on andmestruktuur, mis salvestab andmeid v\u00f5tme-v\u00e4\u00e4rtus paaridena. Erinevalt listidest, kus elemendid on indekseeritud numbritega, on s\u00f5nastiku elemendid indekseeritud v\u00f5tmetega, mis v\u00f5ivad olla erinevat t\u00fc\u00fcpi (n\u00e4iteks stringid, arvud, ennikud jne). S\u00f5nastiku loomine S\u00f5nastik luuakse looksulgude {} vahel, kus iga v\u00f5ti ja v\u00e4\u00e4rtus eraldatakse kooloniga :, ning erinevad paarid eraldatakse komadega. P\u00f6\u00f6rdumine [&hellip;]<\/p>\n","protected":false},"author":1,"featured_media":0,"parent":0,"menu_order":0,"comment_status":"closed","ping_status":"closed","template":"","meta":{"footnotes":""},"class_list":["post-563","page","type-page","status-publish","hentry"],"yoast_head":"<!-- This site is optimized with the Yoast SEO plugin v27.4 - https:\/\/yoast.com\/product\/yoast-seo-wordpress\/ -->\n<title>\u0422\u0435e\u043c\u0430: 6\u00a0S\u00f5nastikud - Illia Blahun&#039;s portfolio | RU<\/title>\n<meta name=\"robots\" content=\"index, follow, max-snippet:-1, max-image-preview:large, max-video-preview:-1\" \/>\n<link rel=\"canonical\" href=\"https:\/\/illiablahun24.thkit.ee\/wp\/ru\/\u0442\u0435e\u043c\u0430-6-sonastikud\/\" \/>\n<meta property=\"og:locale\" content=\"ru_RU\" \/>\n<meta property=\"og:type\" content=\"article\" \/>\n<meta property=\"og:title\" content=\"\u0422\u0435e\u043c\u0430: 6\u00a0S\u00f5nastikud - Illia Blahun&#039;s portfolio | RU\" \/>\n<meta property=\"og:description\" content=\"S\u00f5nastikud (\u0421\u043b\u043e\u0432\u0430\u0440\u0438) S\u00f5nastik (ingl. dictionary) on andmestruktuur, mis salvestab andmeid v\u00f5tme-v\u00e4\u00e4rtus paaridena. Erinevalt listidest, kus elemendid on indekseeritud numbritega, on s\u00f5nastiku elemendid indekseeritud v\u00f5tmetega, mis v\u00f5ivad olla erinevat t\u00fc\u00fcpi (n\u00e4iteks stringid, arvud, ennikud jne). S\u00f5nastiku loomine S\u00f5nastik luuakse looksulgude {} vahel, kus iga v\u00f5ti ja v\u00e4\u00e4rtus eraldatakse kooloniga :, ning erinevad paarid eraldatakse komadega. P\u00f6\u00f6rdumine [&hellip;]\" \/>\n<meta property=\"og:url\" content=\"https:\/\/illiablahun24.thkit.ee\/wp\/ru\/\u0442\u0435e\u043c\u0430-6-sonastikud\/\" \/>\n<meta property=\"og:site_name\" content=\"Illia Blahun&#039;s portfolio | RU\" \/>\n<meta name=\"twitter:card\" content=\"summary_large_image\" \/>\n<meta name=\"twitter:label1\" content=\"\u041f\u0440\u0438\u043c\u0435\u0440\u043d\u043e\u0435 \u0432\u0440\u0435\u043c\u044f \u0434\u043b\u044f \u0447\u0442\u0435\u043d\u0438\u044f\" \/>\n\t<meta name=\"twitter:data1\" content=\"1 \u043c\u0438\u043d\u0443\u0442\u0430\" \/>\n<script type=\"application\/ld+json\" class=\"yoast-schema-graph\">{\"@context\":\"https:\\\/\\\/schema.org\",\"@graph\":[{\"@type\":\"WebPage\",\"@id\":\"https:\\\/\\\/illiablahun24.thkit.ee\\\/wp\\\/ru\\\/%d1%82%d0%b5e%d0%bc%d0%b0-6-sonastikud\\\/\",\"url\":\"https:\\\/\\\/illiablahun24.thkit.ee\\\/wp\\\/ru\\\/%d1%82%d0%b5e%d0%bc%d0%b0-6-sonastikud\\\/\",\"name\":\"\u0422\u0435e\u043c\u0430: 6\u00a0S\u00f5nastikud - Illia Blahun&#039;s portfolio | RU\",\"isPartOf\":{\"@id\":\"https:\\\/\\\/illiablahun24.thkit.ee\\\/wp\\\/ru\\\/#website\"},\"datePublished\":\"2025-04-17T09:53:28+00:00\",\"breadcrumb\":{\"@id\":\"https:\\\/\\\/illiablahun24.thkit.ee\\\/wp\\\/ru\\\/%d1%82%d0%b5e%d0%bc%d0%b0-6-sonastikud\\\/#breadcrumb\"},\"inLanguage\":\"ru-RU\",\"potentialAction\":[{\"@type\":\"ReadAction\",\"target\":[\"https:\\\/\\\/illiablahun24.thkit.ee\\\/wp\\\/ru\\\/%d1%82%d0%b5e%d0%bc%d0%b0-6-sonastikud\\\/\"]}]},{\"@type\":\"BreadcrumbList\",\"@id\":\"https:\\\/\\\/illiablahun24.thkit.ee\\\/wp\\\/ru\\\/%d1%82%d0%b5e%d0%bc%d0%b0-6-sonastikud\\\/#breadcrumb\",\"itemListElement\":[{\"@type\":\"ListItem\",\"position\":1,\"name\":\"Home\",\"item\":\"https:\\\/\\\/illiablahun24.thkit.ee\\\/wp\\\/ru\\\/\"},{\"@type\":\"ListItem\",\"position\":2,\"name\":\"\u0422\u0435e\u043c\u0430: 6\u00a0S\u00f5nastikud\"}]},{\"@type\":\"WebSite\",\"@id\":\"https:\\\/\\\/illiablahun24.thkit.ee\\\/wp\\\/ru\\\/#website\",\"url\":\"https:\\\/\\\/illiablahun24.thkit.ee\\\/wp\\\/ru\\\/\",\"name\":\"Illia Blahun&#039;s portfolio | RU\",\"description\":\"\",\"potentialAction\":[{\"@type\":\"SearchAction\",\"target\":{\"@type\":\"EntryPoint\",\"urlTemplate\":\"https:\\\/\\\/illiablahun24.thkit.ee\\\/wp\\\/ru\\\/?s={search_term_string}\"},\"query-input\":{\"@type\":\"PropertyValueSpecification\",\"valueRequired\":true,\"valueName\":\"search_term_string\"}}],\"inLanguage\":\"ru-RU\"}]}<\/script>\n<!-- \/ Yoast SEO plugin. -->","yoast_head_json":{"title":"\u0422\u0435e\u043c\u0430: 6\u00a0S\u00f5nastikud - Illia Blahun&#039;s portfolio | RU","robots":{"index":"index","follow":"follow","max-snippet":"max-snippet:-1","max-image-preview":"max-image-preview:large","max-video-preview":"max-video-preview:-1"},"canonical":"https:\/\/illiablahun24.thkit.ee\/wp\/ru\/\u0442\u0435e\u043c\u0430-6-sonastikud\/","og_locale":"ru_RU","og_type":"article","og_title":"\u0422\u0435e\u043c\u0430: 6\u00a0S\u00f5nastikud - Illia Blahun&#039;s portfolio | RU","og_description":"S\u00f5nastikud (\u0421\u043b\u043e\u0432\u0430\u0440\u0438) S\u00f5nastik (ingl. dictionary) on andmestruktuur, mis salvestab andmeid v\u00f5tme-v\u00e4\u00e4rtus paaridena. Erinevalt listidest, kus elemendid on indekseeritud numbritega, on s\u00f5nastiku elemendid indekseeritud v\u00f5tmetega, mis v\u00f5ivad olla erinevat t\u00fc\u00fcpi (n\u00e4iteks stringid, arvud, ennikud jne). S\u00f5nastiku loomine S\u00f5nastik luuakse looksulgude {} vahel, kus iga v\u00f5ti ja v\u00e4\u00e4rtus eraldatakse kooloniga :, ning erinevad paarid eraldatakse komadega. P\u00f6\u00f6rdumine [&hellip;]","og_url":"https:\/\/illiablahun24.thkit.ee\/wp\/ru\/\u0442\u0435e\u043c\u0430-6-sonastikud\/","og_site_name":"Illia Blahun&#039;s portfolio | RU","twitter_card":"summary_large_image","twitter_misc":{"\u041f\u0440\u0438\u043c\u0435\u0440\u043d\u043e\u0435 \u0432\u0440\u0435\u043c\u044f \u0434\u043b\u044f \u0447\u0442\u0435\u043d\u0438\u044f":"1 \u043c\u0438\u043d\u0443\u0442\u0430"},"schema":{"@context":"https:\/\/schema.org","@graph":[{"@type":"WebPage","@id":"https:\/\/illiablahun24.thkit.ee\/wp\/ru\/%d1%82%d0%b5e%d0%bc%d0%b0-6-sonastikud\/","url":"https:\/\/illiablahun24.thkit.ee\/wp\/ru\/%d1%82%d0%b5e%d0%bc%d0%b0-6-sonastikud\/","name":"\u0422\u0435e\u043c\u0430: 6\u00a0S\u00f5nastikud - Illia Blahun&#039;s portfolio | RU","isPartOf":{"@id":"https:\/\/illiablahun24.thkit.ee\/wp\/ru\/#website"},"datePublished":"2025-04-17T09:53:28+00:00","breadcrumb":{"@id":"https:\/\/illiablahun24.thkit.ee\/wp\/ru\/%d1%82%d0%b5e%d0%bc%d0%b0-6-sonastikud\/#breadcrumb"},"inLanguage":"ru-RU","potentialAction":[{"@type":"ReadAction","target":["https:\/\/illiablahun24.thkit.ee\/wp\/ru\/%d1%82%d0%b5e%d0%bc%d0%b0-6-sonastikud\/"]}]},{"@type":"BreadcrumbList","@id":"https:\/\/illiablahun24.thkit.ee\/wp\/ru\/%d1%82%d0%b5e%d0%bc%d0%b0-6-sonastikud\/#breadcrumb","itemListElement":[{"@type":"ListItem","position":1,"name":"Home","item":"https:\/\/illiablahun24.thkit.ee\/wp\/ru\/"},{"@type":"ListItem","position":2,"name":"\u0422\u0435e\u043c\u0430: 6\u00a0S\u00f5nastikud"}]},{"@type":"WebSite","@id":"https:\/\/illiablahun24.thkit.ee\/wp\/ru\/#website","url":"https:\/\/illiablahun24.thkit.ee\/wp\/ru\/","name":"Illia Blahun&#039;s portfolio | RU","description":"","potentialAction":[{"@type":"SearchAction","target":{"@type":"EntryPoint","urlTemplate":"https:\/\/illiablahun24.thkit.ee\/wp\/ru\/?s={search_term_string}"},"query-input":{"@type":"PropertyValueSpecification","valueRequired":true,"valueName":"search_term_string"}}],"inLanguage":"ru-RU"}]}},"_links":{"self":[{"href":"https:\/\/illiablahun24.thkit.ee\/wp\/ru\/wp-json\/wp\/v2\/pages\/563","targetHints":{"allow":["GET"]}}],"collection":[{"href":"https:\/\/illiablahun24.thkit.ee\/wp\/ru\/wp-json\/wp\/v2\/pages"}],"about":[{"href":"https:\/\/illiablahun24.thkit.ee\/wp\/ru\/wp-json\/wp\/v2\/types\/page"}],"author":[{"embeddable":true,"href":"https:\/\/illiablahun24.thkit.ee\/wp\/ru\/wp-json\/wp\/v2\/users\/1"}],"replies":[{"embeddable":true,"href":"https:\/\/illiablahun24.thkit.ee\/wp\/ru\/wp-json\/wp\/v2\/comments?post=563"}],"version-history":[{"count":0,"href":"https:\/\/illiablahun24.thkit.ee\/wp\/ru\/wp-json\/wp\/v2\/pages\/563\/revisions"}],"wp:attachment":[{"href":"https:\/\/illiablahun24.thkit.ee\/wp\/ru\/wp-json\/wp\/v2\/media?parent=563"}],"curies":[{"name":"wp","href":"https:\/\/api.w.org\/{rel}","templated":true}]}}