{"id":556,"date":"2025-04-17T12:44:53","date_gmt":"2025-04-17T09:44:53","guid":{"rendered":"https:\/\/saotwo.wordpress.com\/?page_id=556"},"modified":"2025-04-17T12:44:53","modified_gmt":"2025-04-17T09:44:53","slug":"teema-3-kordused","status":"publish","type":"page","link":"https:\/\/illiablahun24.thkit.ee\/wp\/ru\/teema-3-kordused\/","title":{"rendered":"Teema 3 Kordused"},"content":{"rendered":"\n<div id=\"ez-toc-container\" class=\"ez-toc-v2_0_82_2 counter-hierarchy ez-toc-counter ez-toc-grey ez-toc-container-direction\">\n<div class=\"ez-toc-title-container\">\n<p class=\"ez-toc-title\" style=\"cursor:inherit\">Table of Contents<\/p>\n<span class=\"ez-toc-title-toggle\"><a href=\"#\" class=\"ez-toc-pull-right ez-toc-btn ez-toc-btn-xs ez-toc-btn-default ez-toc-toggle\" aria-label=\"Toggle Table of Content\"><span class=\"ez-toc-js-icon-con\"><span class=\"\"><span class=\"eztoc-hide\" style=\"display:none;\">Toggle<\/span><span class=\"ez-toc-icon-toggle-span\"><svg style=\"fill: #999;color:#999\" xmlns=\"http:\/\/www.w3.org\/2000\/svg\" class=\"list-377408\" width=\"20px\" height=\"20px\" viewBox=\"0 0 24 24\" fill=\"none\"><path d=\"M6 6H4v2h2V6zm14 0H8v2h12V6zM4 11h2v2H4v-2zm16 0H8v2h12v-2zM4 16h2v2H4v-2zm16 0H8v2h12v-2z\" fill=\"currentColor\"><\/path><\/svg><svg style=\"fill: #999;color:#999\" class=\"arrow-unsorted-368013\" xmlns=\"http:\/\/www.w3.org\/2000\/svg\" width=\"10px\" height=\"10px\" viewBox=\"0 0 24 24\" version=\"1.2\" baseProfile=\"tiny\"><path d=\"M18.2 9.3l-6.2-6.3-6.2 6.3c-.2.2-.3.4-.3.7s.1.5.3.7c.2.2.4.3.7.3h11c.3 0 .5-.1.7-.3.2-.2.3-.5.3-.7s-.1-.5-.3-.7zM5.8 14.7l6.2 6.3 6.2-6.3c.2-.2.3-.5.3-.7s-.1-.5-.3-.7c-.2-.2-.4-.3-.7-.3h-11c-.3 0-.5.1-.7.3-.2.2-.3.5-.3.7s.1.5.3.7z\"\/><\/svg><\/span><\/span><\/span><\/a><\/span><\/div>\n<nav><ul class='ez-toc-list ez-toc-list-level-1 ' ><li class='ez-toc-page-1 ez-toc-heading-level-2'><a class=\"ez-toc-link ez-toc-heading-1\" href=\"https:\/\/illiablahun24.thkit.ee\/wp\/ru\/teema-3-kordused\/#3_Kordused_FOR_WHILE\" >3. Kordused (FOR, WHILE)<\/a><ul class='ez-toc-list-level-3' ><li class='ez-toc-heading-level-3'><a class=\"ez-toc-link ez-toc-heading-2\" href=\"https:\/\/illiablahun24.thkit.ee\/wp\/ru\/teema-3-kordused\/#1_FOR-tsukkel\" >1. FOR-ts\u00fckkel<\/a><ul class='ez-toc-list-level-4' ><li class='ez-toc-heading-level-4'><a class=\"ez-toc-link ez-toc-heading-3\" href=\"https:\/\/illiablahun24.thkit.ee\/wp\/ru\/teema-3-kordused\/#Suntaks\" >S\u00fcntaks:<\/a><\/li><li class='ez-toc-page-1 ez-toc-heading-level-4'><a class=\"ez-toc-link ez-toc-heading-4\" href=\"https:\/\/illiablahun24.thkit.ee\/wp\/ru\/teema-3-kordused\/#Kasutusvoimalused\" >Kasutusv\u00f5imalused:<\/a><\/li><\/ul><\/li><li class='ez-toc-page-1 ez-toc-heading-level-3'><a class=\"ez-toc-link ez-toc-heading-5\" href=\"https:\/\/illiablahun24.thkit.ee\/wp\/ru\/teema-3-kordused\/#2_WHILE-tsukkel\" >2. WHILE-ts\u00fckkel<\/a><ul class='ez-toc-list-level-4' ><li class='ez-toc-heading-level-4'><a class=\"ez-toc-link ez-toc-heading-6\" href=\"https:\/\/illiablahun24.thkit.ee\/wp\/ru\/teema-3-kordused\/#Suntaks-2\" >S\u00fcntaks:<\/a><\/li><li class='ez-toc-page-1 ez-toc-heading-level-4'><a class=\"ez-toc-link ez-toc-heading-7\" href=\"https:\/\/illiablahun24.thkit.ee\/wp\/ru\/teema-3-kordused\/#Olulised_punktid\" >Olulised punktid:<\/a><\/li><\/ul><\/li><li class='ez-toc-page-1 ez-toc-heading-level-3'><a class=\"ez-toc-link ez-toc-heading-8\" href=\"https:\/\/illiablahun24.thkit.ee\/wp\/ru\/teema-3-kordused\/#3_Naited\" >3. N\u00e4ited<\/a><ul class='ez-toc-list-level-4' ><li class='ez-toc-heading-level-4'><a class=\"ez-toc-link ez-toc-heading-9\" href=\"https:\/\/illiablahun24.thkit.ee\/wp\/ru\/teema-3-kordused\/#FOR-tsukkel\" >FOR-ts\u00fckkel:<\/a><\/li><li class='ez-toc-page-1 ez-toc-heading-level-4'><a class=\"ez-toc-link ez-toc-heading-10\" href=\"https:\/\/illiablahun24.thkit.ee\/wp\/ru\/teema-3-kordused\/#WHILE-tsukkel\" >WHILE-ts\u00fckkel:<\/a><\/li><li class='ez-toc-page-1 ez-toc-heading-level-4'><a class=\"ez-toc-link ez-toc-heading-11\" href=\"https:\/\/illiablahun24.thkit.ee\/wp\/ru\/teema-3-kordused\/#Lopmatu_tsukkel_WHILE\" >L\u00f5pmatu ts\u00fckkel (WHILE):<\/a><\/li><\/ul><\/li><li class='ez-toc-page-1 ez-toc-heading-level-3'><a class=\"ez-toc-link ez-toc-heading-12\" href=\"https:\/\/illiablahun24.thkit.ee\/wp\/ru\/teema-3-kordused\/#4_Vordlus_FOR_vs_WHILE\" >4. V\u00f5rdlus FOR vs WHILE<\/a><\/li><li class='ez-toc-page-1 ez-toc-heading-level-3'><a class=\"ez-toc-link ez-toc-heading-13\" href=\"https:\/\/illiablahun24.thkit.ee\/wp\/ru\/teema-3-kordused\/#5_Taiendavad_voimalused\" >5. T\u00e4iendavad v\u00f5imalused<\/a><\/li><li class='ez-toc-page-1 ez-toc-heading-level-3'><a class=\"ez-toc-link ez-toc-heading-14\" href=\"https:\/\/illiablahun24.thkit.ee\/wp\/ru\/teema-3-kordused\/#Kokkuvote\" >Kokkuv\u00f5te:<\/a><\/li><\/ul><\/li><\/ul><\/nav><\/div>\n<h2 class=\"wp-block-heading\"><span class=\"ez-toc-section\" id=\"3_Kordused_FOR_WHILE\"><\/span><strong>3. Kordused (FOR, WHILE)<\/strong><span class=\"ez-toc-section-end\"><\/span><\/h2>\n\n\n\n<p>Pythonis kasutatakse kahte peamist kordusoperaatorit:<\/p>\n\n\n\n<ul class=\"wp-block-list\">\n<li><strong><code>for<\/code><\/strong> \u2013 tegevuste korduv l\u00e4bimine kindla arvu kordade v\u00f5i j\u00e4rjestiku elementidega<\/li>\n\n\n\n<li><strong><code>while<\/code><\/strong> \u2013 korduv t\u00e4itmine, kuni tingimus on t\u00f5ene<\/li>\n<\/ul>\n\n\n\n<hr class=\"wp-block-separator has-alpha-channel-opacity\" \/>\n\n\n\n<h3 class=\"wp-block-heading\"><span class=\"ez-toc-section\" id=\"1_FOR-tsukkel\"><\/span><strong>1. FOR-ts\u00fckkel<\/strong><span class=\"ez-toc-section-end\"><\/span><\/h3>\n\n\n\n<p>Kasutatakse j\u00e4rjestike (nt listid, s\u00f5ned) elementide l\u00e4bimiseks.<\/p>\n\n\n\n<h4 class=\"wp-block-heading\"><span class=\"ez-toc-section\" id=\"Suntaks\"><\/span><strong>S\u00fcntaks:<\/strong><span class=\"ez-toc-section-end\"><\/span><\/h4>\n\n\n<div class=\"wp-block-syntaxhighlighter-code \"><pre class=\"brush: python; title: ; notranslate\" title=\"\">\nfor element in j\u00e4rjestik:\n    # tegevused iga elemendiga\n<\/pre><\/div>\n\n\n<h4 class=\"wp-block-heading\"><span class=\"ez-toc-section\" id=\"Kasutusvoimalused\"><\/span><strong>Kasutusv\u00f5imalused:<\/strong><span class=\"ez-toc-section-end\"><\/span><\/h4>\n\n\n\n<ul class=\"wp-block-list\">\n<li><strong>Arvude vahemikuga (<code>range()<\/code>):<\/strong><\/li>\n<\/ul>\n\n\n<div class=\"wp-block-syntaxhighlighter-code \"><pre class=\"brush: python; title: ; notranslate\" title=\"\">\n  for i in range(algus, l\u00f5pp, samm):\n      # tegevused\n<\/pre><\/div>\n\n\n<ul class=\"wp-block-list\">\n<li><strong>Listi elementidega:<\/strong><\/li>\n<\/ul>\n\n\n<div class=\"wp-block-syntaxhighlighter-code \"><pre class=\"brush: python; title: ; notranslate\" title=\"\">\n  for element in list:\n      # t\u00f6\u00f6tle elementi\n<\/pre><\/div>\n\n\n<ul class=\"wp-block-list\">\n<li><strong>S\u00f5ne t\u00e4hem\u00e4rkidega:<\/strong><\/li>\n<\/ul>\n\n\n<div class=\"wp-block-syntaxhighlighter-code \"><pre class=\"brush: python; title: ; notranslate\" title=\"\">\n  for t\u00e4ht in s\u00f5ne:\n      # t\u00f6\u00f6tle t\u00e4hte\n<\/pre><\/div>\n\n\n<hr class=\"wp-block-separator has-alpha-channel-opacity\" \/>\n\n\n\n<h3 class=\"wp-block-heading\"><span class=\"ez-toc-section\" id=\"2_WHILE-tsukkel\"><\/span><strong>2. WHILE-ts\u00fckkel<\/strong><span class=\"ez-toc-section-end\"><\/span><\/h3>\n\n\n\n<p>K\u00e4ivitub seni, kuni tingimus on t\u00f5ene.<\/p>\n\n\n\n<h4 class=\"wp-block-heading\"><span class=\"ez-toc-section\" id=\"Suntaks-2\"><\/span><strong>S\u00fcntaks:<\/strong><span class=\"ez-toc-section-end\"><\/span><\/h4>\n\n\n<div class=\"wp-block-syntaxhighlighter-code \"><pre class=\"brush: python; title: ; notranslate\" title=\"\">\nwhile tingimus:\n    # tegevused, mida korratakse\n<\/pre><\/div>\n\n\n<h4 class=\"wp-block-heading\"><span class=\"ez-toc-section\" id=\"Olulised_punktid\"><\/span><strong>Olulised punktid:<\/strong><span class=\"ez-toc-section-end\"><\/span><\/h4>\n\n\n\n<ul class=\"wp-block-list\">\n<li><strong>L\u00f5pmatu ts\u00fckkel<\/strong> tekib, kui tingimus j\u00e4\u00e4b alati t\u00f5eseks (v\u00e4ltimiseks kasuta <code>break<\/code> v\u00f5i muuda tingimust).<\/li>\n\n\n\n<li><strong><code>break<\/code><\/strong> katkestab ts\u00fckli kohe.<\/li>\n\n\n\n<li><strong><code>continue<\/code><\/strong> j\u00e4tab praeguse iteratsiooni vahele ja liigub j\u00e4rgmise juurde.<\/li>\n<\/ul>\n\n\n\n<hr class=\"wp-block-separator has-alpha-channel-opacity\" \/>\n\n\n\n<h3 class=\"wp-block-heading\"><span class=\"ez-toc-section\" id=\"3_Naited\"><\/span><strong>3. N\u00e4ited<\/strong><span class=\"ez-toc-section-end\"><\/span><\/h3>\n\n\n\n<h4 class=\"wp-block-heading\"><span class=\"ez-toc-section\" id=\"FOR-tsukkel\"><\/span><strong>FOR-ts\u00fckkel:<\/strong><span class=\"ez-toc-section-end\"><\/span><\/h4>\n\n\n<div class=\"wp-block-syntaxhighlighter-code \"><pre class=\"brush: python; title: ; notranslate\" title=\"\">\n# Tr\u00fcki arvud 1-5\nfor i in range(1, 6):\n    print(i)\n<\/pre><\/div>\n\n\n<h4 class=\"wp-block-heading\"><span class=\"ez-toc-section\" id=\"WHILE-tsukkel\"><\/span><strong>WHILE-ts\u00fckkel:<\/strong><span class=\"ez-toc-section-end\"><\/span><\/h4>\n\n\n<div class=\"wp-block-syntaxhighlighter-code \"><pre class=\"brush: python; title: ; notranslate\" title=\"\">\n# Tr\u00fcki arvud 1-5\ni = 1\nwhile i &lt;= 5:\n    print(i)\n    i += 1\n<\/pre><\/div>\n\n\n<h4 class=\"wp-block-heading\"><span class=\"ez-toc-section\" id=\"Lopmatu_tsukkel_WHILE\"><\/span><strong>L\u00f5pmatu ts\u00fckkel (WHILE):<\/strong><span class=\"ez-toc-section-end\"><\/span><\/h4>\n\n\n<div class=\"wp-block-syntaxhighlighter-code \"><pre class=\"brush: python; title: ; notranslate\" title=\"\">\nwhile True:\n    kasutaja_sisend = input(&quot;Sisesta &#039;stop&#039; l\u00f5petamiseks: &quot;)\n    if kasutaja_sisend == &quot;stop&quot;:\n        break\n<\/pre><\/div>\n\n\n<hr class=\"wp-block-separator has-alpha-channel-opacity\" \/>\n\n\n\n<h3 class=\"wp-block-heading\"><span class=\"ez-toc-section\" id=\"4_Vordlus_FOR_vs_WHILE\"><\/span><strong>4. V\u00f5rdlus FOR vs WHILE<\/strong><span class=\"ez-toc-section-end\"><\/span><\/h3>\n\n\n\n<figure class=\"wp-block-table\"><table class=\"has-fixed-layout\"><thead><tr><th><strong>FOR<\/strong><\/th><th><strong>WHILE<\/strong><\/th><\/tr><\/thead><tbody><tr><td>Teadaolev iteratsioonide arv<\/td><td>Tundmatu iteratsioonide arv<\/td><\/tr><tr><td>Sobib j\u00e4rjestike l\u00e4bimiseks<\/td><td>Sobib tingimuslikele protsessidele<\/td><\/tr><tr><td>Automaatne l\u00f5pp<\/td><td>Vajab tingimuse muutmist v\u00f5i <code>break<\/code><\/td><\/tr><\/tbody><\/table><\/figure>\n\n\n\n<hr class=\"wp-block-separator has-alpha-channel-opacity\" \/>\n\n\n\n<h3 class=\"wp-block-heading\"><span class=\"ez-toc-section\" id=\"5_Taiendavad_voimalused\"><\/span><strong>5. T\u00e4iendavad v\u00f5imalused<\/strong><span class=\"ez-toc-section-end\"><\/span><\/h3>\n\n\n\n<ul class=\"wp-block-list\">\n<li><strong><code>else<\/code> ts\u00fcklitega:<\/strong><\/li>\n<\/ul>\n\n\n<div class=\"wp-block-syntaxhighlighter-code \"><pre class=\"brush: python; title: ; notranslate\" title=\"\">\n  for i in range(3):\n      print(i)\n  else:\n      print(&quot;Ts\u00fckkel l\u00f5petas&quot;)  # K\u00e4ivitatakse p\u00e4rast ts\u00fcklit\n<\/pre><\/div>\n\n\n<ul class=\"wp-block-list\">\n<li><strong>Pesastatud ts\u00fcklid:<\/strong><\/li>\n<\/ul>\n\n\n<div class=\"wp-block-syntaxhighlighter-code \"><pre class=\"brush: python; title: ; notranslate\" title=\"\">\n  for i in range(3):\n      for j in range(2):\n          print(i, j)\n<\/pre><\/div>\n\n\n<hr class=\"wp-block-separator has-alpha-channel-opacity\" \/>\n\n\n\n<h3 class=\"wp-block-heading\"><span class=\"ez-toc-section\" id=\"Kokkuvote\"><\/span><strong>Kokkuv\u00f5te:<\/strong><span class=\"ez-toc-section-end\"><\/span><\/h3>\n\n\n\n<ul class=\"wp-block-list\">\n<li><strong><code>for<\/code><\/strong> on ideaalne kindla arvu korduste jaoks.<\/li>\n\n\n\n<li><strong><code>while<\/code><\/strong> on kasulik, kui korduste arv on teadmata v\u00f5i s\u00f5ltub tingimusest.<\/li>\n\n\n\n<li><strong><code>break<\/code>\/<code>continue<\/code><\/strong> annavad t\u00e4iendavat kontrolli ts\u00fcklite t\u00f6\u00f6le.<\/li>\n<\/ul>\n\n\n\n<p>Kasutatakse andmete t\u00f6\u00f6tlemisel, sisendi kontrollimisel ja korduvate \u00fclesannete automatiseerimisel.<\/p>\n","protected":false},"excerpt":{"rendered":"<p>3. Kordused (FOR, WHILE) Pythonis kasutatakse kahte peamist kordusoperaatorit: 1. FOR-ts\u00fckkel Kasutatakse j\u00e4rjestike (nt listid, s\u00f5ned) elementide l\u00e4bimiseks. S\u00fcntaks: Kasutusv\u00f5imalused: 2. WHILE-ts\u00fckkel K\u00e4ivitub seni, kuni tingimus on t\u00f5ene. S\u00fcntaks: Olulised punktid: 3. N\u00e4ited FOR-ts\u00fckkel: WHILE-ts\u00fckkel: L\u00f5pmatu ts\u00fckkel (WHILE): 4. V\u00f5rdlus FOR vs WHILE FOR WHILE Teadaolev iteratsioonide arv Tundmatu iteratsioonide arv Sobib j\u00e4rjestike l\u00e4bimiseks Sobib [&hellip;]<\/p>\n","protected":false},"author":1,"featured_media":0,"parent":0,"menu_order":0,"comment_status":"closed","ping_status":"closed","template":"","meta":{"footnotes":""},"class_list":["post-556","page","type-page","status-publish","hentry"],"yoast_head":"<!-- This site is optimized with the Yoast SEO plugin v27.4 - https:\/\/yoast.com\/product\/yoast-seo-wordpress\/ -->\n<title>Teema 3 Kordused - Illia Blahun&#039;s portfolio | RU<\/title>\n<meta name=\"robots\" content=\"index, follow, max-snippet:-1, max-image-preview:large, max-video-preview:-1\" \/>\n<link rel=\"canonical\" href=\"https:\/\/illiablahun24.thkit.ee\/wp\/ru\/teema-3-kordused\/\" \/>\n<meta property=\"og:locale\" content=\"ru_RU\" \/>\n<meta property=\"og:type\" content=\"article\" \/>\n<meta property=\"og:title\" content=\"Teema 3 Kordused - Illia Blahun&#039;s portfolio | RU\" \/>\n<meta property=\"og:description\" content=\"3. Kordused (FOR, WHILE) Pythonis kasutatakse kahte peamist kordusoperaatorit: 1. FOR-ts\u00fckkel Kasutatakse j\u00e4rjestike (nt listid, s\u00f5ned) elementide l\u00e4bimiseks. S\u00fcntaks: Kasutusv\u00f5imalused: 2. WHILE-ts\u00fckkel K\u00e4ivitub seni, kuni tingimus on t\u00f5ene. S\u00fcntaks: Olulised punktid: 3. N\u00e4ited FOR-ts\u00fckkel: WHILE-ts\u00fckkel: L\u00f5pmatu ts\u00fckkel (WHILE): 4. V\u00f5rdlus FOR vs WHILE FOR WHILE Teadaolev iteratsioonide arv Tundmatu iteratsioonide arv Sobib j\u00e4rjestike l\u00e4bimiseks Sobib [&hellip;]\" \/>\n<meta property=\"og:url\" content=\"https:\/\/illiablahun24.thkit.ee\/wp\/ru\/teema-3-kordused\/\" \/>\n<meta property=\"og:site_name\" content=\"Illia Blahun&#039;s portfolio | RU\" \/>\n<meta name=\"twitter:card\" content=\"summary_large_image\" \/>\n<meta name=\"twitter:label1\" content=\"\u041f\u0440\u0438\u043c\u0435\u0440\u043d\u043e\u0435 \u0432\u0440\u0435\u043c\u044f \u0434\u043b\u044f \u0447\u0442\u0435\u043d\u0438\u044f\" \/>\n\t<meta name=\"twitter:data1\" content=\"1 \u043c\u0438\u043d\u0443\u0442\u0430\" \/>\n<script type=\"application\/ld+json\" class=\"yoast-schema-graph\">{\"@context\":\"https:\\\/\\\/schema.org\",\"@graph\":[{\"@type\":\"WebPage\",\"@id\":\"https:\\\/\\\/illiablahun24.thkit.ee\\\/wp\\\/ru\\\/teema-3-kordused\\\/\",\"url\":\"https:\\\/\\\/illiablahun24.thkit.ee\\\/wp\\\/ru\\\/teema-3-kordused\\\/\",\"name\":\"Teema 3 Kordused - Illia Blahun&#039;s portfolio | RU\",\"isPartOf\":{\"@id\":\"https:\\\/\\\/illiablahun24.thkit.ee\\\/wp\\\/ru\\\/#website\"},\"datePublished\":\"2025-04-17T09:44:53+00:00\",\"breadcrumb\":{\"@id\":\"https:\\\/\\\/illiablahun24.thkit.ee\\\/wp\\\/ru\\\/teema-3-kordused\\\/#breadcrumb\"},\"inLanguage\":\"ru-RU\",\"potentialAction\":[{\"@type\":\"ReadAction\",\"target\":[\"https:\\\/\\\/illiablahun24.thkit.ee\\\/wp\\\/ru\\\/teema-3-kordused\\\/\"]}]},{\"@type\":\"BreadcrumbList\",\"@id\":\"https:\\\/\\\/illiablahun24.thkit.ee\\\/wp\\\/ru\\\/teema-3-kordused\\\/#breadcrumb\",\"itemListElement\":[{\"@type\":\"ListItem\",\"position\":1,\"name\":\"Home\",\"item\":\"https:\\\/\\\/illiablahun24.thkit.ee\\\/wp\\\/ru\\\/\"},{\"@type\":\"ListItem\",\"position\":2,\"name\":\"Teema 3 Kordused\"}]},{\"@type\":\"WebSite\",\"@id\":\"https:\\\/\\\/illiablahun24.thkit.ee\\\/wp\\\/ru\\\/#website\",\"url\":\"https:\\\/\\\/illiablahun24.thkit.ee\\\/wp\\\/ru\\\/\",\"name\":\"Illia Blahun&#039;s portfolio | RU\",\"description\":\"\",\"potentialAction\":[{\"@type\":\"SearchAction\",\"target\":{\"@type\":\"EntryPoint\",\"urlTemplate\":\"https:\\\/\\\/illiablahun24.thkit.ee\\\/wp\\\/ru\\\/?s={search_term_string}\"},\"query-input\":{\"@type\":\"PropertyValueSpecification\",\"valueRequired\":true,\"valueName\":\"search_term_string\"}}],\"inLanguage\":\"ru-RU\"}]}<\/script>\n<!-- \/ Yoast SEO plugin. -->","yoast_head_json":{"title":"Teema 3 Kordused - Illia Blahun&#039;s portfolio | RU","robots":{"index":"index","follow":"follow","max-snippet":"max-snippet:-1","max-image-preview":"max-image-preview:large","max-video-preview":"max-video-preview:-1"},"canonical":"https:\/\/illiablahun24.thkit.ee\/wp\/ru\/teema-3-kordused\/","og_locale":"ru_RU","og_type":"article","og_title":"Teema 3 Kordused - Illia Blahun&#039;s portfolio | RU","og_description":"3. Kordused (FOR, WHILE) Pythonis kasutatakse kahte peamist kordusoperaatorit: 1. FOR-ts\u00fckkel Kasutatakse j\u00e4rjestike (nt listid, s\u00f5ned) elementide l\u00e4bimiseks. S\u00fcntaks: Kasutusv\u00f5imalused: 2. WHILE-ts\u00fckkel K\u00e4ivitub seni, kuni tingimus on t\u00f5ene. S\u00fcntaks: Olulised punktid: 3. N\u00e4ited FOR-ts\u00fckkel: WHILE-ts\u00fckkel: L\u00f5pmatu ts\u00fckkel (WHILE): 4. V\u00f5rdlus FOR vs WHILE FOR WHILE Teadaolev iteratsioonide arv Tundmatu iteratsioonide arv Sobib j\u00e4rjestike l\u00e4bimiseks Sobib [&hellip;]","og_url":"https:\/\/illiablahun24.thkit.ee\/wp\/ru\/teema-3-kordused\/","og_site_name":"Illia Blahun&#039;s portfolio | RU","twitter_card":"summary_large_image","twitter_misc":{"\u041f\u0440\u0438\u043c\u0435\u0440\u043d\u043e\u0435 \u0432\u0440\u0435\u043c\u044f \u0434\u043b\u044f \u0447\u0442\u0435\u043d\u0438\u044f":"1 \u043c\u0438\u043d\u0443\u0442\u0430"},"schema":{"@context":"https:\/\/schema.org","@graph":[{"@type":"WebPage","@id":"https:\/\/illiablahun24.thkit.ee\/wp\/ru\/teema-3-kordused\/","url":"https:\/\/illiablahun24.thkit.ee\/wp\/ru\/teema-3-kordused\/","name":"Teema 3 Kordused - Illia Blahun&#039;s portfolio | RU","isPartOf":{"@id":"https:\/\/illiablahun24.thkit.ee\/wp\/ru\/#website"},"datePublished":"2025-04-17T09:44:53+00:00","breadcrumb":{"@id":"https:\/\/illiablahun24.thkit.ee\/wp\/ru\/teema-3-kordused\/#breadcrumb"},"inLanguage":"ru-RU","potentialAction":[{"@type":"ReadAction","target":["https:\/\/illiablahun24.thkit.ee\/wp\/ru\/teema-3-kordused\/"]}]},{"@type":"BreadcrumbList","@id":"https:\/\/illiablahun24.thkit.ee\/wp\/ru\/teema-3-kordused\/#breadcrumb","itemListElement":[{"@type":"ListItem","position":1,"name":"Home","item":"https:\/\/illiablahun24.thkit.ee\/wp\/ru\/"},{"@type":"ListItem","position":2,"name":"Teema 3 Kordused"}]},{"@type":"WebSite","@id":"https:\/\/illiablahun24.thkit.ee\/wp\/ru\/#website","url":"https:\/\/illiablahun24.thkit.ee\/wp\/ru\/","name":"Illia Blahun&#039;s portfolio | RU","description":"","potentialAction":[{"@type":"SearchAction","target":{"@type":"EntryPoint","urlTemplate":"https:\/\/illiablahun24.thkit.ee\/wp\/ru\/?s={search_term_string}"},"query-input":{"@type":"PropertyValueSpecification","valueRequired":true,"valueName":"search_term_string"}}],"inLanguage":"ru-RU"}]}},"_links":{"self":[{"href":"https:\/\/illiablahun24.thkit.ee\/wp\/ru\/wp-json\/wp\/v2\/pages\/556","targetHints":{"allow":["GET"]}}],"collection":[{"href":"https:\/\/illiablahun24.thkit.ee\/wp\/ru\/wp-json\/wp\/v2\/pages"}],"about":[{"href":"https:\/\/illiablahun24.thkit.ee\/wp\/ru\/wp-json\/wp\/v2\/types\/page"}],"author":[{"embeddable":true,"href":"https:\/\/illiablahun24.thkit.ee\/wp\/ru\/wp-json\/wp\/v2\/users\/1"}],"replies":[{"embeddable":true,"href":"https:\/\/illiablahun24.thkit.ee\/wp\/ru\/wp-json\/wp\/v2\/comments?post=556"}],"version-history":[{"count":0,"href":"https:\/\/illiablahun24.thkit.ee\/wp\/ru\/wp-json\/wp\/v2\/pages\/556\/revisions"}],"wp:attachment":[{"href":"https:\/\/illiablahun24.thkit.ee\/wp\/ru\/wp-json\/wp\/v2\/media?parent=556"}],"curies":[{"name":"wp","href":"https:\/\/api.w.org\/{rel}","templated":true}]}}