{"id":523,"date":"2025-04-11T13:09:23","date_gmt":"2025-04-11T10:09:23","guid":{"rendered":"https:\/\/saotwo.wordpress.com\/?page_id=523"},"modified":"2025-04-11T13:09:23","modified_gmt":"2025-04-11T10:09:23","slug":"teema-2-potentsiomeeter","status":"publish","type":"page","link":"https:\/\/illiablahun24.thkit.ee\/wp\/ru\/teema-2-potentsiomeeter\/","title":{"rendered":"Teema 2: POTENTSIOMEETER"},"content":{"rendered":"\n<p><strong>\u00dchendamise skeem:<\/strong><\/p>\n\n\n\n<p>K\u00f5igepealt tuleb paigutada LED ja potentsiomeeter maketeerimislauale ja \u00fchendada need, sarnaselt joonisel kujutatule arendusplaadiga.<\/p>\n\n\n\n<p>LED vilgutamise kiiruse reguleerimiseks kasutatakse potentsiomeetrit.<\/p>\n\n\n\n<figure class=\"wp-block-image size-large\"><img decoding=\"async\" src=\"https:\/\/saotwo.wordpress.com\/wp-content\/uploads\/2025\/04\/image-15.png?w=901\" alt=\"\" class=\"wp-image-524\" \/><\/figure>\n\n\n<div class=\"wp-block-syntaxhighlighter-code \"><pre class=\"brush: arduino; title: ; notranslate\" title=\"\">\n-----Kood-----\n\nint sensorPin = 0;    \t  \n\nint ledPin = 13;                           \t\t\t  \n\nint sensorValue = 0;  \t\t\t\t\t  \n\nvoid setup()\n\n{       \n\n  pinMode(ledPin, OUTPUT);  \n\n  Serial.begin(9600);\n\n}\n\nvoid loop() {          \t\t\t\t\t   \n\n  sensorValue = analogRead(sensorPin); \/\/   loeb analoog sisendi v\u00e4\u00e4rtust ja saadab tagasi t\u00e4isarvu vahemikus 0 kuni 1023. See t\u00e4hendab 10 bitilist t\u00e4psust (2^10 = 1024).\t\t  \n\n  digitalWrite(ledPin, HIGH);         \n\n  delay(sensorValue);                 \n\n  digitalWrite(ledPin, LOW);              \n\n  delay(sensorValue);  \n\n  float voltage = sensorValue * (5.0 \/ 1023.0); \/\/ konverteerime v\u00e4\u00e4rtuse (0 - 1023)  ja tagastab (0 - 5V):\n\n  Serial.println(voltage);   \/\/ Saadud tulemused kirjutame Serial Monitori.         \n\n}\n<\/pre><\/div>\n\n\n<p><strong>Eesti keeles:<\/strong><\/p>\n\n\n\n<ul class=\"wp-block-list\">\n<li><code>pinMode(ledPin, OUTPUT)<\/code> \u2014 m\u00e4\u00e4rame, et LED pin on v\u00e4ljund.<\/li>\n\n\n\n<li><code>Serial.begin(9600)<\/code> \u2014 alustame Serial \u00fchendust kiirusel 9600 bitti sekundis.<\/li>\n<\/ul>\n\n\n\n<p><strong>\u041f\u043e-\u0440\u0443\u0441\u0441\u043a\u0438:<\/strong><\/p>\n\n\n\n<ul class=\"wp-block-list\">\n<li><code>pinMode(ledPin, OUTPUT)<\/code> \u2014 \u0443\u043a\u0430\u0437\u044b\u0432\u0430\u0435\u043c, \u0447\u0442\u043e \u043f\u0438\u043d \u0441 LED \u0440\u0430\u0431\u043e\u0442\u0430\u0435\u0442 \u043a\u0430\u043a \u0432\u044b\u0445\u043e\u0434.<\/li>\n\n\n\n<li><code>Serial.begin(9600)<\/code> \u2014 \u0437\u0430\u043f\u0443\u0441\u043a\u0430\u0435\u043c \u043f\u043e\u0441\u043b\u0435\u0434\u043e\u0432\u0430\u0442\u0435\u043b\u044c\u043d\u0443\u044e \u0441\u0432\u044f\u0437\u044c \u0441\u043e \u0441\u043a\u043e\u0440\u043e\u0441\u0442\u044c\u044e 9600 \u0431\u0438\u0442\/\u0441\u0435\u043a.<\/li>\n<\/ul>\n\n\n\n<p><strong>Eesti keeles:<\/strong><\/p>\n\n\n\n<ul class=\"wp-block-list\">\n<li><code>analogRead(sensorPin)<\/code> \u2014 loeb analoog v\u00e4\u00e4rtust pin\u2019ilt 0 ja tagastab arvu vahemikus 0 kuni 1023.<\/li>\n<\/ul>\n\n\n\n<p><strong>\u041f\u043e-\u0440\u0443\u0441\u0441\u043a\u0438:<\/strong><\/p>\n\n\n\n<ul class=\"wp-block-list\">\n<li><code>analogRead(sensorPin)<\/code> \u2014 \u0441\u0447\u0438\u0442\u044b\u0432\u0430\u0435\u0442 \u0430\u043d\u0430\u043b\u043e\u0433\u043e\u0432\u043e\u0435 \u0437\u043d\u0430\u0447\u0435\u043d\u0438\u0435 \u0441 \u043f\u0438\u043d\u0430 0 (\u0432 \u0434\u0438\u0430\u043f\u0430\u0437\u043e\u043d\u0435 \u043e\u0442 0 \u0434\u043e 1023).<\/li>\n<\/ul>\n\n\n\n<p><strong>Eesti keeles:<\/strong><\/p>\n\n\n\n<ul class=\"wp-block-list\">\n<li>Arvutame pinget: teisendame sensorValue v\u00e4\u00e4rtuse pingeks vahemikus 0\u20135 V.<\/li>\n<\/ul>\n\n\n\n<p><strong>\u041f\u043e-\u0440\u0443\u0441\u0441\u043a\u0438:<\/strong><\/p>\n\n\n\n<ul class=\"wp-block-list\">\n<li>\u041f\u0435\u0440\u0435\u0432\u043e\u0434\u0438\u043c \u0437\u043d\u0430\u0447\u0435\u043d\u0438\u0435 \u0441\u0435\u043d\u0441\u043e\u0440\u0430 \u0432 \u043d\u0430\u043f\u0440\u044f\u0436\u0435\u043d\u0438\u0435: \u0438\u0437 \u0434\u0438\u0430\u043f\u0430\u0437\u043e\u043d\u0430 0\u20131023 \u0432 0\u20135 \u0412.<\/li>\n<\/ul>\n\n\n\n<p><strong>Eesti keeles:<\/strong><\/p>\n\n\n\n<ul class=\"wp-block-list\">\n<li>N\u00e4itame pinge v\u00e4\u00e4rtust Serial Monitoris (kuvaril).<\/li>\n<\/ul>\n\n\n\n<p><strong>\u041f\u043e-\u0440\u0443\u0441\u0441\u043a\u0438:<\/strong><\/p>\n\n\n\n<ul class=\"wp-block-list\">\n<li>\u0412\u044b\u0432\u043e\u0434\u0438\u043c \u0440\u0430\u0441\u0441\u0447\u0438\u0442\u0430\u043d\u043d\u043e\u0435 \u043d\u0430\u043f\u0440\u044f\u0436\u0435\u043d\u0438\u0435 \u0432 \u043c\u043e\u043d\u0438\u0442\u043e\u0440 \u043f\u043e\u0440\u0442\u0430 (Serial Monitor).<\/li>\n<\/ul>\n\n\n\n<p>\u00dclesanne 2 Valguskett<\/p>\n\n\n\n<p><strong>T\u00f6\u00f6 kirjeldus:<\/strong><br>Alustasin projektist, koostades esmalt skeemi ja kirjutades koodi Tinkercadi keskkonnas. Seej\u00e4rel kontrollisin, et s\u00fcsteem virtuaalses keskkonnas korrektselt t\u00f6\u00f6taks. P\u00e4rast seda \u00fchendasin koodi Arduino platvormiga, tegin l\u00e4bi testimise ja k\u00e4ivitasin s\u00fcsteemi koos elektroonilise plaadiga.<\/p>\n\n\n\n<p><strong>Plaadi t\u00f6\u00f6p\u00f5him\u00f5te:<\/strong><br>Potentsiomeetri reguleerimise muudab LED-tulede vilkumise sagedust. Mida rohkem potentsiomeetrit p\u00f6\u00f6rata, seda kiiremini LED-id vilguvad.<\/p>\n\n\n\n<p><strong>Kasutatud komponendid:<\/strong><\/p>\n\n\n\n<ul class=\"wp-block-list\">\n<li>Arduino UNO plaat \u2013 1 tk<\/li>\n\n\n\n<li>Arendusplaat (breadboard) \u2013 1 tk<\/li>\n\n\n\n<li>LED-dioodid \u2013 9 tk<\/li>\n\n\n\n<li>\u00dchendusjuhtmed \u2013 14 tk<\/li>\n\n\n\n<li>Potentsiomeeter \u2013 1 tk<\/li>\n\n\n\n<li>Takistid (resistorid) \u2013 9 tk<\/li>\n<\/ul>\n\n\n\n<p>Video ja skeema<\/p>\n\n\n\n<figure class=\"wp-block-embed is-type-rich is-provider-embed wp-block-embed-embed\"><div class=\"wp-block-embed__wrapper\">\nhttps:\/\/drive.google.com\/file\/d\/1VAxNYwC1OdOZ8TVNQtahvSVWVgsbYLDA\/view?usp=sharing\n<\/div><\/figure>\n\n\n\n<figure class=\"wp-block-image size-large\"><img decoding=\"async\" src=\"https:\/\/saotwo.wordpress.com\/wp-content\/uploads\/2025\/04\/image-16.png?w=868\" alt=\"\" class=\"wp-image-544\" \/><\/figure>\n\n\n<div class=\"wp-block-syntaxhighlighter-code \"><pre class=\"brush: arduino; title: ; notranslate\" title=\"\">\nint ledPins&#x5B;] = {2, 3, 4, 5, 6, 7, 8, 9, 10, 11, 12};\nint potPin = A0;\n\nvoid setup() {\n  for (int i = 0; i &lt; 11; i++) {\n    pinMode(ledPins&#x5B;i], OUTPUT);\n    digitalWrite(ledPins&#x5B;i], LOW);  \/\/ k\u00f5ik LED-id on k\u00e4ivitamisel v\u00e4lja l\u00fclitatud\n  }\n}\n\nvoid loop() {\n  int potValue = analogRead(potPin);\n\n  \/\/ teisendame potentsiomeetri v\u00e4\u00e4rtuse vilkuvate LED-ide arvuks\n  int ledsToBlink = map(potValue, 0, 1023, 0, 11);\n\n  \/\/ kui potentsiomeeter on nullis - midagi ei vilgu\n  if (ledsToBlink == 0) {\n    for (int i = 0; i &lt; 11; i++) {\n      digitalWrite(ledPins&#x5B;i], LOW);\n    }\n  } else {\n    \/\/ vilgutame vajaliku arvu LED-e\n    for (int i = 0; i &lt; 11; i++) {\n      if (i &lt; ledsToBlink) {\n        digitalWrite(ledPins&#x5B;i], HIGH);\n      } else {\n        digitalWrite(ledPins&#x5B;i], LOW);\n      }\n    }\n\n    delay(100);  \/\/ viivitus vilkumiste vahel\n\n    \/\/ l\u00fclitame vilkuvad LED-id v\u00e4lja\n    for (int i = 0; i &lt; ledsToBlink; i++) {\n      digitalWrite(ledPins&#x5B;i], LOW);\n    }\n\n    delay(100);  \/\/ viivitus vilkumiste vahel\n  }\n}\n<\/pre><\/div>","protected":false},"excerpt":{"rendered":"<p>\u00dchendamise skeem: K\u00f5igepealt tuleb paigutada LED ja potentsiomeeter maketeerimislauale ja \u00fchendada need, sarnaselt joonisel kujutatule arendusplaadiga. LED vilgutamise kiiruse reguleerimiseks kasutatakse potentsiomeetrit. Eesti keeles: \u041f\u043e-\u0440\u0443\u0441\u0441\u043a\u0438: Eesti keeles: \u041f\u043e-\u0440\u0443\u0441\u0441\u043a\u0438: Eesti keeles: \u041f\u043e-\u0440\u0443\u0441\u0441\u043a\u0438: Eesti keeles: \u041f\u043e-\u0440\u0443\u0441\u0441\u043a\u0438: \u00dclesanne 2 Valguskett T\u00f6\u00f6 kirjeldus:Alustasin projektist, koostades esmalt skeemi ja kirjutades koodi Tinkercadi keskkonnas. Seej\u00e4rel kontrollisin, et s\u00fcsteem virtuaalses keskkonnas korrektselt [&hellip;]<\/p>\n","protected":false},"author":1,"featured_media":0,"parent":0,"menu_order":0,"comment_status":"closed","ping_status":"closed","template":"","meta":{"footnotes":""},"class_list":["post-523","page","type-page","status-publish","hentry"],"yoast_head":"<!-- This site is optimized with the Yoast SEO plugin v27.4 - https:\/\/yoast.com\/product\/yoast-seo-wordpress\/ -->\n<title>Teema 2: POTENTSIOMEETER - Illia Blahun&#039;s portfolio | RU<\/title>\n<meta name=\"robots\" content=\"index, follow, max-snippet:-1, max-image-preview:large, max-video-preview:-1\" \/>\n<link rel=\"canonical\" href=\"https:\/\/illiablahun24.thkit.ee\/wp\/ru\/teema-2-potentsiomeeter\/\" \/>\n<meta property=\"og:locale\" content=\"ru_RU\" \/>\n<meta property=\"og:type\" content=\"article\" \/>\n<meta property=\"og:title\" content=\"Teema 2: POTENTSIOMEETER - Illia Blahun&#039;s portfolio | RU\" \/>\n<meta property=\"og:description\" content=\"\u00dchendamise skeem: K\u00f5igepealt tuleb paigutada LED ja potentsiomeeter maketeerimislauale ja \u00fchendada need, sarnaselt joonisel kujutatule arendusplaadiga. LED vilgutamise kiiruse reguleerimiseks kasutatakse potentsiomeetrit. Eesti keeles: \u041f\u043e-\u0440\u0443\u0441\u0441\u043a\u0438: Eesti keeles: \u041f\u043e-\u0440\u0443\u0441\u0441\u043a\u0438: Eesti keeles: \u041f\u043e-\u0440\u0443\u0441\u0441\u043a\u0438: Eesti keeles: \u041f\u043e-\u0440\u0443\u0441\u0441\u043a\u0438: \u00dclesanne 2 Valguskett T\u00f6\u00f6 kirjeldus:Alustasin projektist, koostades esmalt skeemi ja kirjutades koodi Tinkercadi keskkonnas. Seej\u00e4rel kontrollisin, et s\u00fcsteem virtuaalses keskkonnas korrektselt [&hellip;]\" \/>\n<meta property=\"og:url\" content=\"https:\/\/illiablahun24.thkit.ee\/wp\/ru\/teema-2-potentsiomeeter\/\" \/>\n<meta property=\"og:site_name\" content=\"Illia Blahun&#039;s portfolio | RU\" \/>\n<meta name=\"twitter:card\" content=\"summary_large_image\" \/>\n<meta name=\"twitter:label1\" content=\"\u041f\u0440\u0438\u043c\u0435\u0440\u043d\u043e\u0435 \u0432\u0440\u0435\u043c\u044f \u0434\u043b\u044f \u0447\u0442\u0435\u043d\u0438\u044f\" \/>\n\t<meta name=\"twitter:data1\" content=\"2 \u043c\u0438\u043d\u0443\u0442\u044b\" \/>\n<script type=\"application\/ld+json\" class=\"yoast-schema-graph\">{\"@context\":\"https:\\\/\\\/schema.org\",\"@graph\":[{\"@type\":\"WebPage\",\"@id\":\"https:\\\/\\\/illiablahun24.thkit.ee\\\/wp\\\/ru\\\/teema-2-potentsiomeeter\\\/\",\"url\":\"https:\\\/\\\/illiablahun24.thkit.ee\\\/wp\\\/ru\\\/teema-2-potentsiomeeter\\\/\",\"name\":\"Teema 2: POTENTSIOMEETER - Illia Blahun&#039;s portfolio | RU\",\"isPartOf\":{\"@id\":\"https:\\\/\\\/illiablahun24.thkit.ee\\\/wp\\\/ru\\\/#website\"},\"primaryImageOfPage\":{\"@id\":\"https:\\\/\\\/illiablahun24.thkit.ee\\\/wp\\\/ru\\\/teema-2-potentsiomeeter\\\/#primaryimage\"},\"image\":{\"@id\":\"https:\\\/\\\/illiablahun24.thkit.ee\\\/wp\\\/ru\\\/teema-2-potentsiomeeter\\\/#primaryimage\"},\"thumbnailUrl\":\"https:\\\/\\\/saotwo.wordpress.com\\\/wp-content\\\/uploads\\\/2025\\\/04\\\/image-15.png?w=901\",\"datePublished\":\"2025-04-11T10:09:23+00:00\",\"breadcrumb\":{\"@id\":\"https:\\\/\\\/illiablahun24.thkit.ee\\\/wp\\\/ru\\\/teema-2-potentsiomeeter\\\/#breadcrumb\"},\"inLanguage\":\"ru-RU\",\"potentialAction\":[{\"@type\":\"ReadAction\",\"target\":[\"https:\\\/\\\/illiablahun24.thkit.ee\\\/wp\\\/ru\\\/teema-2-potentsiomeeter\\\/\"]}]},{\"@type\":\"ImageObject\",\"inLanguage\":\"ru-RU\",\"@id\":\"https:\\\/\\\/illiablahun24.thkit.ee\\\/wp\\\/ru\\\/teema-2-potentsiomeeter\\\/#primaryimage\",\"url\":\"https:\\\/\\\/saotwo.wordpress.com\\\/wp-content\\\/uploads\\\/2025\\\/04\\\/image-15.png?w=901\",\"contentUrl\":\"https:\\\/\\\/saotwo.wordpress.com\\\/wp-content\\\/uploads\\\/2025\\\/04\\\/image-15.png?w=901\"},{\"@type\":\"BreadcrumbList\",\"@id\":\"https:\\\/\\\/illiablahun24.thkit.ee\\\/wp\\\/ru\\\/teema-2-potentsiomeeter\\\/#breadcrumb\",\"itemListElement\":[{\"@type\":\"ListItem\",\"position\":1,\"name\":\"Home\",\"item\":\"https:\\\/\\\/illiablahun24.thkit.ee\\\/wp\\\/ru\\\/\"},{\"@type\":\"ListItem\",\"position\":2,\"name\":\"Teema 2: POTENTSIOMEETER\"}]},{\"@type\":\"WebSite\",\"@id\":\"https:\\\/\\\/illiablahun24.thkit.ee\\\/wp\\\/ru\\\/#website\",\"url\":\"https:\\\/\\\/illiablahun24.thkit.ee\\\/wp\\\/ru\\\/\",\"name\":\"Illia Blahun&#039;s portfolio | RU\",\"description\":\"\",\"potentialAction\":[{\"@type\":\"SearchAction\",\"target\":{\"@type\":\"EntryPoint\",\"urlTemplate\":\"https:\\\/\\\/illiablahun24.thkit.ee\\\/wp\\\/ru\\\/?s={search_term_string}\"},\"query-input\":{\"@type\":\"PropertyValueSpecification\",\"valueRequired\":true,\"valueName\":\"search_term_string\"}}],\"inLanguage\":\"ru-RU\"}]}<\/script>\n<!-- \/ Yoast SEO plugin. -->","yoast_head_json":{"title":"Teema 2: POTENTSIOMEETER - Illia Blahun&#039;s portfolio | RU","robots":{"index":"index","follow":"follow","max-snippet":"max-snippet:-1","max-image-preview":"max-image-preview:large","max-video-preview":"max-video-preview:-1"},"canonical":"https:\/\/illiablahun24.thkit.ee\/wp\/ru\/teema-2-potentsiomeeter\/","og_locale":"ru_RU","og_type":"article","og_title":"Teema 2: POTENTSIOMEETER - Illia Blahun&#039;s portfolio | RU","og_description":"\u00dchendamise skeem: K\u00f5igepealt tuleb paigutada LED ja potentsiomeeter maketeerimislauale ja \u00fchendada need, sarnaselt joonisel kujutatule arendusplaadiga. LED vilgutamise kiiruse reguleerimiseks kasutatakse potentsiomeetrit. Eesti keeles: \u041f\u043e-\u0440\u0443\u0441\u0441\u043a\u0438: Eesti keeles: \u041f\u043e-\u0440\u0443\u0441\u0441\u043a\u0438: Eesti keeles: \u041f\u043e-\u0440\u0443\u0441\u0441\u043a\u0438: Eesti keeles: \u041f\u043e-\u0440\u0443\u0441\u0441\u043a\u0438: \u00dclesanne 2 Valguskett T\u00f6\u00f6 kirjeldus:Alustasin projektist, koostades esmalt skeemi ja kirjutades koodi Tinkercadi keskkonnas. Seej\u00e4rel kontrollisin, et s\u00fcsteem virtuaalses keskkonnas korrektselt [&hellip;]","og_url":"https:\/\/illiablahun24.thkit.ee\/wp\/ru\/teema-2-potentsiomeeter\/","og_site_name":"Illia Blahun&#039;s portfolio | RU","twitter_card":"summary_large_image","twitter_misc":{"\u041f\u0440\u0438\u043c\u0435\u0440\u043d\u043e\u0435 \u0432\u0440\u0435\u043c\u044f \u0434\u043b\u044f \u0447\u0442\u0435\u043d\u0438\u044f":"2 \u043c\u0438\u043d\u0443\u0442\u044b"},"schema":{"@context":"https:\/\/schema.org","@graph":[{"@type":"WebPage","@id":"https:\/\/illiablahun24.thkit.ee\/wp\/ru\/teema-2-potentsiomeeter\/","url":"https:\/\/illiablahun24.thkit.ee\/wp\/ru\/teema-2-potentsiomeeter\/","name":"Teema 2: POTENTSIOMEETER - Illia Blahun&#039;s portfolio | RU","isPartOf":{"@id":"https:\/\/illiablahun24.thkit.ee\/wp\/ru\/#website"},"primaryImageOfPage":{"@id":"https:\/\/illiablahun24.thkit.ee\/wp\/ru\/teema-2-potentsiomeeter\/#primaryimage"},"image":{"@id":"https:\/\/illiablahun24.thkit.ee\/wp\/ru\/teema-2-potentsiomeeter\/#primaryimage"},"thumbnailUrl":"https:\/\/saotwo.wordpress.com\/wp-content\/uploads\/2025\/04\/image-15.png?w=901","datePublished":"2025-04-11T10:09:23+00:00","breadcrumb":{"@id":"https:\/\/illiablahun24.thkit.ee\/wp\/ru\/teema-2-potentsiomeeter\/#breadcrumb"},"inLanguage":"ru-RU","potentialAction":[{"@type":"ReadAction","target":["https:\/\/illiablahun24.thkit.ee\/wp\/ru\/teema-2-potentsiomeeter\/"]}]},{"@type":"ImageObject","inLanguage":"ru-RU","@id":"https:\/\/illiablahun24.thkit.ee\/wp\/ru\/teema-2-potentsiomeeter\/#primaryimage","url":"https:\/\/saotwo.wordpress.com\/wp-content\/uploads\/2025\/04\/image-15.png?w=901","contentUrl":"https:\/\/saotwo.wordpress.com\/wp-content\/uploads\/2025\/04\/image-15.png?w=901"},{"@type":"BreadcrumbList","@id":"https:\/\/illiablahun24.thkit.ee\/wp\/ru\/teema-2-potentsiomeeter\/#breadcrumb","itemListElement":[{"@type":"ListItem","position":1,"name":"Home","item":"https:\/\/illiablahun24.thkit.ee\/wp\/ru\/"},{"@type":"ListItem","position":2,"name":"Teema 2: POTENTSIOMEETER"}]},{"@type":"WebSite","@id":"https:\/\/illiablahun24.thkit.ee\/wp\/ru\/#website","url":"https:\/\/illiablahun24.thkit.ee\/wp\/ru\/","name":"Illia Blahun&#039;s portfolio | RU","description":"","potentialAction":[{"@type":"SearchAction","target":{"@type":"EntryPoint","urlTemplate":"https:\/\/illiablahun24.thkit.ee\/wp\/ru\/?s={search_term_string}"},"query-input":{"@type":"PropertyValueSpecification","valueRequired":true,"valueName":"search_term_string"}}],"inLanguage":"ru-RU"}]}},"_links":{"self":[{"href":"https:\/\/illiablahun24.thkit.ee\/wp\/ru\/wp-json\/wp\/v2\/pages\/523","targetHints":{"allow":["GET"]}}],"collection":[{"href":"https:\/\/illiablahun24.thkit.ee\/wp\/ru\/wp-json\/wp\/v2\/pages"}],"about":[{"href":"https:\/\/illiablahun24.thkit.ee\/wp\/ru\/wp-json\/wp\/v2\/types\/page"}],"author":[{"embeddable":true,"href":"https:\/\/illiablahun24.thkit.ee\/wp\/ru\/wp-json\/wp\/v2\/users\/1"}],"replies":[{"embeddable":true,"href":"https:\/\/illiablahun24.thkit.ee\/wp\/ru\/wp-json\/wp\/v2\/comments?post=523"}],"version-history":[{"count":0,"href":"https:\/\/illiablahun24.thkit.ee\/wp\/ru\/wp-json\/wp\/v2\/pages\/523\/revisions"}],"wp:attachment":[{"href":"https:\/\/illiablahun24.thkit.ee\/wp\/ru\/wp-json\/wp\/v2\/media?parent=523"}],"curies":[{"name":"wp","href":"https:\/\/api.w.org\/{rel}","templated":true}]}}